{"id":3223,"date":"2024-06-19T15:54:29","date_gmt":"2024-06-19T15:54:29","guid":{"rendered":"https:\/\/banquyenshop.com\/?post_type=product&#038;p=3223"},"modified":"2025-08-02T11:41:00","modified_gmt":"2025-08-02T11:41:00","slug":"internet-download-manager-idm","status":"publish","type":"product","link":"https:\/\/banquyenshop.com\/?product=internet-download-manager-idm","title":{"rendered":"Internet Download Manager (IDM)"},"content":{"rendered":"<p>Internet Download Manager (IDM) l\u00e0 m\u1ed9t ph\u1ea7n m\u1ec1m qu\u1ea3n l\u00fd v\u00e0 t\u0103ng t\u1ed1c t\u1ea3i xu\u1ed1ng ph\u1ed5 bi\u1ebfn, \u0111\u01b0\u1ee3c thi\u1ebft k\u1ebf \u0111\u1ec3 c\u1ea3i thi\u1ec7n t\u1ed1c \u0111\u1ed9 v\u00e0 hi\u1ec7u su\u1ea5t t\u1ea3i v\u1ec1 c\u1ee7a ng\u01b0\u1eddi d\u00f9ng. IDM ph\u00f9 h\u1ee3p cho c\u1ea3 ng\u01b0\u1eddi d\u00f9ng c\u00e1 nh\u00e2n v\u00e0 doanh nghi\u1ec7p, \u0111\u1eb7c bi\u1ec7t h\u1eefu \u00edch cho nh\u1eefng ng\u01b0\u1eddi th\u01b0\u1eddng xuy\u00ean t\u1ea3i video, ph\u1ea7n m\u1ec1m, v\u00e0 t\u00e0i li\u1ec7u t\u1eeb internet.<\/p>\n<h6><strong>T\u00ednh N\u0103ng Ch\u00ednh:<\/strong><\/h6>\n<ul>\n<li>T\u0103ng T\u1ed1c T\u1ea3i Xu\u1ed1ng: T\u0103ng t\u1ed1c \u0111\u1ed9 t\u1ea3i l\u00ean \u0111\u1ebfn 5 l\u1ea7n b\u1eb1ng c\u00e1ch ph\u00e2n \u0111o\u1ea1n t\u1ec7p v\u00e0 t\u1ea3i \u0111\u1ed3ng th\u1eddi.<\/li>\n<li>Kh\u00f4i Ph\u1ee5c T\u1ea3i Xu\u1ed1ng: Ti\u1ebfp t\u1ee5c t\u1ea3i c\u00e1c t\u1ec7p b\u1ecb gi\u00e1n \u0111o\u1ea1n do m\u1ea5t k\u1ebft n\u1ed1i ho\u1eb7c s\u1ef1 c\u1ed1.<\/li>\n<li>T\u00edch H\u1ee3p Tr\u00ecnh Duy\u1ec7t: T\u1ef1 \u0111\u1ed9ng b\u1eaft link t\u1ea3i xu\u1ed1ng t\u1eeb c\u00e1c tr\u00ecnh duy\u1ec7t ph\u1ed5 bi\u1ebfn nh\u01b0 Chrome, Firefox, Edge, Opera.<\/li>\n<li>H\u1ed7 Tr\u1ee3 Nhi\u1ec1u \u0110\u1ecbnh D\u1ea1ng T\u1ec7p: T\u1ea3i v\u1ec1 video, \u00e2m thanh, t\u00e0i li\u1ec7u, v\u00e0 ph\u1ea7n m\u1ec1m.<\/li>\n<li>L\u00ean L\u1ecbch T\u1ea3i Xu\u1ed1ng: Thi\u1ebft l\u1eadp th\u1eddi gian t\u1ea3i xu\u1ed1ng theo \u00fd mu\u1ed1n.<\/li>\n<li>Ki\u1ec3m Tra Virus: T\u1ef1 \u0111\u1ed9ng ki\u1ec3m tra virus cho c\u00e1c t\u1ec7p t\u1ea3i v\u1ec1.<\/li>\n<\/ul>\n<h6><strong>\u01afu \u0111i\u1ec3m:<\/strong><\/h6>\n<ul>\n<li>T\u1ed1c \u0110\u1ed9 Cao: T\u1ed1i \u01b0u h\u00f3a b\u0103ng th\u00f4ng m\u1ea1ng \u0111\u1ec3 t\u1ea3i nhanh h\u01a1n.<\/li>\n<li>D\u1ec5 S\u1eed D\u1ee5ng: Giao di\u1ec7n tr\u1ef1c quan v\u00e0 t\u00edch h\u1ee3p tr\u00ecnh duy\u1ec7t d\u1ec5 d\u00e0ng.<\/li>\n<li>An To\u00e0n: Ki\u1ec3m tra virus \u0111\u1ea3m b\u1ea3o t\u1ea3i v\u1ec1 an to\u00e0n.<\/li>\n<li>Linh Ho\u1ea1t: H\u1ed7 tr\u1ee3 nhi\u1ec1u lo\u1ea1i t\u1ec7p v\u00e0 l\u1ecbch tr\u00ecnh t\u1ea3i xu\u1ed1ng ti\u1ec7n l\u1ee3i.<\/li>\n<\/ul>\n","protected":false},"excerpt":{"rendered":"<p>Key k\u00edch ho\u1ea1t IDM tr\u00ean 1 thi\u1ebft b\u1ecb<\/p>\n","protected":false},"featured_media":3524,"comment_status":"open","ping_status":"closed","template":"","meta":[],"product_cat":[15],"product_tag":[146,144,145,147],"jetpack_sharing_enabled":true,"_links":{"self":[{"href":"https:\/\/banquyenshop.com\/index.php?rest_route=\/wp\/v2\/product\/3223"}],"collection":[{"href":"https:\/\/banquyenshop.com\/index.php?rest_route=\/wp\/v2\/product"}],"about":[{"href":"https:\/\/banquyenshop.com\/index.php?rest_route=\/wp\/v2\/types\/product"}],"replies":[{"embeddable":true,"href":"https:\/\/banquyenshop.com\/index.php?rest_route=%2Fwp%2Fv2%2Fcomments&post=3223"}],"wp:featuredmedia":[{"embeddable":true,"href":"https:\/\/banquyenshop.com\/index.php?rest_route=\/wp\/v2\/media\/3524"}],"wp:attachment":[{"href":"https:\/\/banquyenshop.com\/index.php?rest_route=%2Fwp%2Fv2%2Fmedia&parent=3223"}],"wp:term":[{"taxonomy":"product_cat","embeddable":true,"href":"https:\/\/banquyenshop.com\/index.php?rest_route=%2Fwp%2Fv2%2Fproduct_cat&post=3223"},{"taxonomy":"product_tag","embeddable":true,"href":"https:\/\/banquyenshop.com\/index.php?rest_route=%2Fwp%2Fv2%2Fproduct_tag&post=3223"}],"curies":[{"name":"wp","href":"https:\/\/api.w.org\/{rel}","templated":true}]}}