{"id":3221,"date":"2024-06-19T15:52:31","date_gmt":"2024-06-19T15:52:31","guid":{"rendered":"https:\/\/banquyenshop.com\/?post_type=product&#038;p=3221"},"modified":"2025-11-08T17:29:35","modified_gmt":"2025-11-08T17:29:35","slug":"panda-dome-complete-1-thiet-bi-1-nam-global","status":"publish","type":"product","link":"https:\/\/banquyenshop.com\/?product=panda-dome-complete-1-thiet-bi-1-nam-global","title":{"rendered":"Panda Dome Complete 1 n\u0103m 1 thi\u1ebft b\u1ecb"},"content":{"rendered":"<p>Panda Dome Complete l\u00e0 gi\u1ea3i ph\u00e1p b\u1ea3o m\u1eadt to\u00e0n di\u1ec7n d\u00e0nh cho c\u00e1 nh\u00e2n v\u00e0 gia \u0111\u00ecnh, b\u1ea3o v\u1ec7 m\u1ecdi thi\u1ebft b\u1ecb kh\u1ecfi c\u00e1c m\u1ed1i \u0111e d\u1ecda tr\u1ef1c tuy\u1ebfn v\u00e0 ngo\u1ea1i tuy\u1ebfn.<\/p>\n<h6><strong>H\u1ec7 \u0111i\u1ec1u h\u00e0nh:<\/strong><\/h6>\n<p>H\u1ed7 tr\u1ee3 Windows, macOS v\u00e0 Android.<\/p>\n<h6><strong>T\u00ednh N\u0103ng Ch\u00ednh:<\/strong><\/h6>\n<ul>\n<li>B\u1ea3o V\u1ec7 To\u00e0n Di\u1ec7n: Ch\u1ed1ng virus, ph\u1ea7n m\u1ec1m \u0111\u1ed9c h\u1ea1i v\u00e0 c\u00e1c m\u1ed1i \u0111e d\u1ecda kh\u00e1c.<\/li>\n<li>VPN Mi\u1ec5n Ph\u00ed: Duy\u1ec7t web \u1ea9n danh v\u00e0 an to\u00e0n v\u1edbi k\u1ebft n\u1ed1i internet \u0111\u01b0\u1ee3c m\u00e3 h\u00f3a.<\/li>\n<li>Qu\u1ea3n L\u00fd M\u1eadt Kh\u1ea9u: T\u1ea1o, l\u01b0u tr\u1eef v\u00e0 t\u1ef1 \u0111\u1ed9ng \u0111i\u1ec1n m\u1eadt kh\u1ea9u an to\u00e0n.<\/li>\n<li>Ki\u1ec3m So\u00e1t Ph\u1ee5 Huynh: B\u1ea3o v\u1ec7 tr\u1ebb em kh\u1ecfi n\u1ed9i dung kh\u00f4ng ph\u00f9 h\u1ee3p v\u00e0 gi\u00e1m s\u00e1t ho\u1ea1t \u0111\u1ed9ng tr\u1ef1c tuy\u1ebfn.<\/li>\n<li>B\u1ea3o V\u1ec7 D\u1eef Li\u1ec7u: M\u00e3 h\u00f3a v\u00e0 sao l\u01b0u t\u1ec7p tin \u0111\u1ec3 b\u1ea3o v\u1ec7 d\u1eef li\u1ec7u nh\u1ea1y c\u1ea3m.<\/li>\n<li>T\u1ed1i \u01afu H\u00f3a Thi\u1ebft B\u1ecb: T\u0103ng t\u1ed1c v\u00e0 c\u1ea3i thi\u1ec7n hi\u1ec7u su\u1ea5t thi\u1ebft b\u1ecb.<\/li>\n<\/ul>\n<h6><strong>\u01afu \u0110i\u1ec3m:<\/strong><\/h6>\n<ul>\n<li>B\u1ea3o M\u1eadt To\u00e0n Di\u1ec7n: B\u1ea3o v\u1ec7 m\u1ecdi kh\u00eda c\u1ea1nh cu\u1ed9c s\u1ed1ng s\u1ed1 v\u00e0 quy\u1ec1n ri\u00eang t\u01b0 tr\u1ef1c tuy\u1ebfn.<\/li>\n<li>D\u1ec5 S\u1eed D\u1ee5ng: Giao di\u1ec7n th\u00e2n thi\u1ec7n, d\u1ec5 ti\u1ebfp c\u1eadn.<\/li>\n<li>T\u00ednh N\u0103ng \u0110a D\u1ea1ng: VPN, qu\u1ea3n l\u00fd m\u1eadt kh\u1ea9u, ki\u1ec3m so\u00e1t ph\u1ee5 huynh v\u00e0 t\u1ed1i \u01b0u h\u00f3a thi\u1ebft b\u1ecb.<\/li>\n<\/ul>\n","protected":false},"excerpt":{"rendered":"<p>Code k\u00edch ho\u1ea1t tr\u00ean 1 thi\u1ebft b\u1ecb<\/p>\n","protected":false},"featured_media":3481,"comment_status":"open","ping_status":"closed","template":"","meta":[],"product_cat":[27,65],"product_tag":[143,142],"jetpack_sharing_enabled":true,"_links":{"self":[{"href":"https:\/\/banquyenshop.com\/index.php?rest_route=\/wp\/v2\/product\/3221"}],"collection":[{"href":"https:\/\/banquyenshop.com\/index.php?rest_route=\/wp\/v2\/product"}],"about":[{"href":"https:\/\/banquyenshop.com\/index.php?rest_route=\/wp\/v2\/types\/product"}],"replies":[{"embeddable":true,"href":"https:\/\/banquyenshop.com\/index.php?rest_route=%2Fwp%2Fv2%2Fcomments&post=3221"}],"wp:featuredmedia":[{"embeddable":true,"href":"https:\/\/banquyenshop.com\/index.php?rest_route=\/wp\/v2\/media\/3481"}],"wp:attachment":[{"href":"https:\/\/banquyenshop.com\/index.php?rest_route=%2Fwp%2Fv2%2Fmedia&parent=3221"}],"wp:term":[{"taxonomy":"product_cat","embeddable":true,"href":"https:\/\/banquyenshop.com\/index.php?rest_route=%2Fwp%2Fv2%2Fproduct_cat&post=3221"},{"taxonomy":"product_tag","embeddable":true,"href":"https:\/\/banquyenshop.com\/index.php?rest_route=%2Fwp%2Fv2%2Fproduct_tag&post=3221"}],"curies":[{"name":"wp","href":"https:\/\/api.w.org\/{rel}","templated":true}]}}