{"id":3216,"date":"2024-06-19T15:46:13","date_gmt":"2024-06-19T15:46:13","guid":{"rendered":"https:\/\/banquyenshop.com\/?post_type=product&#038;p=3216"},"modified":"2025-08-02T11:36:36","modified_gmt":"2025-08-02T11:36:36","slug":"avast-secureline-vpn-10-thiet-bi-1-nam-global","status":"publish","type":"product","link":"https:\/\/banquyenshop.com\/?product=avast-secureline-vpn-10-thiet-bi-1-nam-global","title":{"rendered":"Avast SecureLine VPN 1 n\u0103m 10 thi\u1ebft b\u1ecb"},"content":{"rendered":"<p>Avast SecureLine VPN l\u00e0 gi\u1ea3i ph\u00e1p VPN \u0111\u00e1ng tin c\u1eady, gi\u00fap b\u1ea1n duy\u1ec7t web an to\u00e0n v\u00e0 ri\u00eang t\u01b0 tr\u00ean m\u1ecdi thi\u1ebft b\u1ecb. V\u1edbi m\u1ed9t l\u01b0\u1ee3ng l\u1edbn c\u00e1c m\u00e1y ch\u1ee7 to\u00e0n c\u1ea7u v\u00e0 m\u00e3 h\u00f3a m\u1ea1nh m\u1ebd, Avast SecureLine VPN gi\u00fap b\u1ea1n tr\u00e1nh \u0111\u01b0\u1ee3c c\u00e1c m\u1ed1i \u0111e d\u1ecda tr\u1ef1c tuy\u1ebfn v\u00e0 b\u1ea3o v\u1ec7 th\u00f4ng tin c\u00e1 nh\u00e2n c\u1ee7a b\u1ea1n.<\/p>\n<h6>\u01afu \u0111i\u1ec3m<\/h6>\n<ul>\n<li>B\u1ea3o M\u1eadt Tuy\u1ec7t \u0110\u1ed1i: M\u00e3 h\u00f3a d\u1eef li\u1ec7u tr\u00ean m\u1ea1ng, ng\u0103n ch\u1eb7n hacker v\u00e0 k\u1ebb t\u1ea5n c\u00f4ng kh\u1ecfi truy c\u1eadp th\u00f4ng tin c\u00e1 nh\u00e2n c\u1ee7a b\u1ea1n.<\/li>\n<li>Duy\u1ec7t Web \u1ea8n Danh: Duy\u1ec7t web m\u00e0 kh\u00f4ng s\u1ee3 b\u1ecb theo d\u00f5i ho\u1eb7c gi\u00e1m s\u00e1t, b\u1ea3o v\u1ec7 quy\u1ec1n ri\u00eang t\u01b0 c\u1ee7a b\u1ea1n tr\u1ef1c tuy\u1ebfn.<\/li>\n<li>Truy C\u1eadp N\u1ed9i Dung B\u1ecb Ch\u1eb7n: V\u01b0\u1ee3t qua c\u00e1c r\u00e0o c\u1ea3n \u0111\u1ecba l\u00fd v\u00e0 truy c\u1eadp v\u00e0o n\u1ed9i dung b\u1ecb ch\u1eb7n ho\u1eb7c c\u1ea5m t\u1ea1i v\u1ecb tr\u00ed c\u1ee7a b\u1ea1n.<\/li>\n<li>T\u1ed1c \u0110\u1ed9 Nhanh Ch\u00f3ng: V\u1edbi m\u1ea1ng l\u01b0\u1edbi m\u00e1y ch\u1ee7 to\u00e0n c\u1ea7u, Avast SecureLine VPN \u0111\u1ea3m b\u1ea3o t\u1ed1c \u0111\u1ed9 cao v\u00e0 \u1ed5n \u0111\u1ecbnh cho tr\u1ea3i nghi\u1ec7m duy\u1ec7t web m\u01b0\u1ee3t m\u00e0.<\/li>\n<li>D\u1ec5 S\u1eed D\u1ee5ng: Giao di\u1ec7n th\u00e2n thi\u1ec7n v\u00e0 \u0111\u01a1n gi\u1ea3n, cho ph\u00e9p b\u1ea1n k\u00edch ho\u1ea1t v\u00e0 k\u1ebft n\u1ed1i VPN ch\u1ec9 trong v\u00e0i c\u00fa nh\u1ea5p chu\u1ed9t.<\/li>\n<\/ul>\n<p><!--more--><\/p>\n<p>\u0110\u1ec3 xem th\u00eam c\u00e1c t\u00ednh n\u0103ng m\u00e0 s\u1ea3n ph\u1ea9m Avast SecureLine VPN mang l\u1ea1i, b\u1ea1n c\u00f3 th\u1ec3 \u0111\u1ecdc th\u00f4ng tin chi ti\u1ebft t\u1ea1i Trang web ch\u00ednh th\u1ee9c c\u1ee7a <a href=\"https:\/\/www.avast.com\/vi-vn\/secureline-vpn#pc\">Avast SecureLine VPN<\/a><\/p>\n<p>&nbsp;<\/p>\n<p>&nbsp;<\/p>\n","protected":false},"excerpt":{"rendered":"<p>Code k\u00edch ho\u1ea1t tr\u00ean 10 thi\u1ebft b\u1ecb<\/p>\n","protected":false},"featured_media":3488,"comment_status":"open","ping_status":"closed","template":"","meta":[],"product_cat":[27],"product_tag":[107,95],"jetpack_sharing_enabled":true,"_links":{"self":[{"href":"https:\/\/banquyenshop.com\/index.php?rest_route=\/wp\/v2\/product\/3216"}],"collection":[{"href":"https:\/\/banquyenshop.com\/index.php?rest_route=\/wp\/v2\/product"}],"about":[{"href":"https:\/\/banquyenshop.com\/index.php?rest_route=\/wp\/v2\/types\/product"}],"replies":[{"embeddable":true,"href":"https:\/\/banquyenshop.com\/index.php?rest_route=%2Fwp%2Fv2%2Fcomments&post=3216"}],"wp:featuredmedia":[{"embeddable":true,"href":"https:\/\/banquyenshop.com\/index.php?rest_route=\/wp\/v2\/media\/3488"}],"wp:attachment":[{"href":"https:\/\/banquyenshop.com\/index.php?rest_route=%2Fwp%2Fv2%2Fmedia&parent=3216"}],"wp:term":[{"taxonomy":"product_cat","embeddable":true,"href":"https:\/\/banquyenshop.com\/index.php?rest_route=%2Fwp%2Fv2%2Fproduct_cat&post=3216"},{"taxonomy":"product_tag","embeddable":true,"href":"https:\/\/banquyenshop.com\/index.php?rest_route=%2Fwp%2Fv2%2Fproduct_tag&post=3216"}],"curies":[{"name":"wp","href":"https:\/\/api.w.org\/{rel}","templated":true}]}}