{"id":3215,"date":"2024-06-19T15:44:38","date_gmt":"2024-06-19T15:44:38","guid":{"rendered":"https:\/\/banquyenshop.com\/?post_type=product&#038;p=3215"},"modified":"2025-08-02T11:32:23","modified_gmt":"2025-08-02T11:32:23","slug":"avast-antitrack-premium-1-nam-1-thiet-bi-global","status":"publish","type":"product","link":"https:\/\/banquyenshop.com\/?product=avast-antitrack-premium-1-nam-1-thiet-bi-global","title":{"rendered":"Avast AntiTrack Premium 1 n\u0103m 1 thi\u1ebft b\u1ecb"},"content":{"rendered":"<p>Avast AntiTrack Premium l\u00e0 ph\u1ea7n m\u1ec1m ch\u1ed1ng theo d\u00f5i gi\u00fap ng\u0103n c\u00e1c nh\u00e0 qu\u1ea3ng c\u00e1o, ng\u1ee5y trang danh t\u00ednh tr\u1ef1c tuy\u1ebfn c\u1ee7a b\u1ea1n \u0111\u1ec3 b\u1ea3o m\u1eadt t\u1ed1t h\u01a1n.<\/p>\n<h6><strong>T\u00ednh n\u0103ng ch\u00ednh:<\/strong><\/h6>\n<ul>\n<li>Ch\u1eb7n h\u00e0nh vi theo d\u00f5i tr\u1ef1c tuy\u1ebfn: Ch\u1eb7n ngay c\u00e1c n\u1ed7 l\u1ef1c theo d\u00f5i v\u00e0 v\u1ea1ch tr\u1ea7n nh\u1eefng k\u1ebb \u0111ang t\u00ecm c\u00e1ch thu th\u1eadp th\u00f4ng tin v\u1ec1 b\u1ea1n.<\/li>\n<li>Ng\u1ee5y trang h\u1ed3 s\u01a1 tr\u1ef1c tuy\u1ebfn c\u1ee7a b\u1ea1n: Che d\u1ea5u v\u00e2n tay k\u1ef9 thu\u1eadt s\u1ed1 c\u1ee7a b\u1ea1n \u0111\u1ec3 ng\u0103n c\u00e1c nh\u00e0 qu\u1ea3ng c\u00e1o bi\u1ebft v\u1ec1 b\u1ea1n.<\/li>\n<li>\u1ea8n l\u1ecbch s\u1eed duy\u1ec7t web: T\u1ef1 \u0111\u1ed9ng x\u00f3a l\u1ecbch s\u1eed ho\u1ea1t \u0111\u1ed9ng, cookie v\u00e0 c\u00e1c d\u1eef li\u1ec7u tr\u00ecnh duy\u1ec7t kh\u00e1c.<\/li>\n<li>Ki\u1ec3m tra tr\u1ea1ng th\u00e1i quy\u1ec1n ri\u00eang t\u01b0: Xem t\u1ed5ng quan v\u1ec1 tr\u1ea1ng th\u00e1i quy\u1ec1n ri\u00eang t\u01b0 c\u1ee7a b\u1ea1n v\u00e0 nh\u1eefng n\u1ed7 l\u1ef1c theo d\u00f5i m\u00e0 ch\u00fang t\u00f4i \u0111\u00e3 ng\u0103n ch\u1eb7n.<\/li>\n<li>Duy\u1ec7t web kh\u00f4ng lo gi\u00e1n \u0111o\u1ea1n: \u0110\u1ea3m b\u1ea3o t\u00ednh ri\u00eang t\u01b0 m\u00e0 kh\u00f4ng l\u00e0m h\u1ecfng trang web hay k\u00edch ho\u1ea1t c\u00e1c c\u1ea3nh b\u00e1o g\u00e2y kh\u00f3 ch\u1ecbu.<\/li>\n<li>B\u1ea3o m\u1eadt tr\u00ecnh duy\u1ec7t b\u1ea1n y\u00eau th\u00edch: S\u1eed d\u1ee5ng tr\u00ean tr\u00ecnh duy\u1ec7t b\u1ea1n y\u00eau th\u00edch \u2014 Chrome, Firefox, Safari, Edge, Internet Explorer v\u00e0 Opera.<\/li>\n<\/ul>\n<p><!--more--><\/p>\n<p>\u0110\u1ec3 xem th\u00eam c\u00e1c t\u00ednh n\u0103ng m\u00e0 s\u1ea3n ph\u1ea9m Avast AntiTrack Premium mang l\u1ea1i, b\u1ea1n c\u00f3 th\u1ec3 \u0111\u1ecdc th\u00f4ng tin chi ti\u1ebft t\u1ea1i Trang web ch\u00ednh th\u1ee9c c\u1ee7a <a href=\"https:\/\/www.avast.com\/vi-vn\/antitrack#pc\">Avast AntiTrack Premium<\/a>.<\/p>\n<p>&nbsp;<\/p>\n","protected":false},"excerpt":{"rendered":"<p>Code k\u00edch ho\u1ea1t tr\u00ean 1 thi\u1ebft b\u1ecb<\/p>\n","protected":false},"featured_media":3487,"comment_status":"open","ping_status":"closed","template":"","meta":[],"product_cat":[65,15],"product_tag":[107],"jetpack_sharing_enabled":true,"_links":{"self":[{"href":"https:\/\/banquyenshop.com\/index.php?rest_route=\/wp\/v2\/product\/3215"}],"collection":[{"href":"https:\/\/banquyenshop.com\/index.php?rest_route=\/wp\/v2\/product"}],"about":[{"href":"https:\/\/banquyenshop.com\/index.php?rest_route=\/wp\/v2\/types\/product"}],"replies":[{"embeddable":true,"href":"https:\/\/banquyenshop.com\/index.php?rest_route=%2Fwp%2Fv2%2Fcomments&post=3215"}],"wp:featuredmedia":[{"embeddable":true,"href":"https:\/\/banquyenshop.com\/index.php?rest_route=\/wp\/v2\/media\/3487"}],"wp:attachment":[{"href":"https:\/\/banquyenshop.com\/index.php?rest_route=%2Fwp%2Fv2%2Fmedia&parent=3215"}],"wp:term":[{"taxonomy":"product_cat","embeddable":true,"href":"https:\/\/banquyenshop.com\/index.php?rest_route=%2Fwp%2Fv2%2Fproduct_cat&post=3215"},{"taxonomy":"product_tag","embeddable":true,"href":"https:\/\/banquyenshop.com\/index.php?rest_route=%2Fwp%2Fv2%2Fproduct_tag&post=3215"}],"curies":[{"name":"wp","href":"https:\/\/api.w.org\/{rel}","templated":true}]}}