{"id":3213,"date":"2024-06-19T15:40:31","date_gmt":"2024-06-19T15:40:31","guid":{"rendered":"https:\/\/banquyenshop.com\/?post_type=product&#038;p=3213"},"modified":"2025-08-02T11:37:59","modified_gmt":"2025-08-02T11:37:59","slug":"avast-ultimate-business-security-1-nam-1-nguoi-dung-global","status":"publish","type":"product","link":"https:\/\/banquyenshop.com\/?product=avast-ultimate-business-security-1-nam-1-nguoi-dung-global","title":{"rendered":"Avast Ultimate Business Security 1 n\u0103m 1 thi\u1ebft b\u1ecb"},"content":{"rendered":"<p>Avast Ultimate Business Security l\u00e0 gi\u1ea3i ph\u00e1p b\u1ea3o m\u1eadt to\u00e0n di\u1ec7n cho doanh nghi\u1ec7p c\u1ee7a b\u1ea1n, mang l\u1ea1i s\u1ef1 an t\u00e2m v\u00e0 hi\u1ec7u qu\u1ea3 cao nh\u1ea5t. V\u1edbi Avast Ultimate Business Security, b\u1ea1n c\u00f3 th\u1ec3 b\u1ea3o v\u1ec7 doanh nghi\u1ec7p kh\u1ecfi c\u00e1c m\u1ed1i \u0111e d\u1ecda m\u1ea1ng, \u0111\u1ea3m b\u1ea3o an to\u00e0n cho d\u1eef li\u1ec7u v\u00e0 n\u00e2ng cao hi\u1ec7u su\u1ea5t l\u00e0m vi\u1ec7c c\u1ee7a nh\u00e2n vi\u00ean.<\/p>\n<h6><strong>T\u00ednh N\u0103ng Ch\u00ednh:<\/strong><\/h6>\n<ul>\n<li>Ch\u1ed1ng Virus v\u00e0 Ph\u1ea7n M\u1ec1m \u0110\u1ed9c H\u1ea1i: B\u1ea3o v\u1ec7 th\u1eddi gian th\u1ef1c ch\u1ed1ng l\u1ea1i virus, malware, ransomware v\u00e0 c\u00e1c m\u1ed1i \u0111e d\u1ecda kh\u00e1c.<\/li>\n<li>T\u01b0\u1eddng L\u1eeda Cao C\u1ea5p: Ng\u0103n ch\u1eb7n c\u00e1c cu\u1ed9c t\u1ea5n c\u00f4ng t\u1eeb xa v\u00e0 b\u1ea3o v\u1ec7 m\u1ea1ng doanh nghi\u1ec7p.<\/li>\n<li>VPN An To\u00e0n: B\u1ea3o v\u1ec7 quy\u1ec1n ri\u00eang t\u01b0 tr\u1ef1c tuy\u1ebfn v\u00e0 m\u00e3 h\u00f3a k\u1ebft n\u1ed1i internet.<\/li>\n<li>Qu\u1ea3n L\u00fd T\u1eeb Xa: Qu\u1ea3n l\u00fd v\u00e0 gi\u00e1m s\u00e1t b\u1ea3o m\u1eadt cho t\u1ea5t c\u1ea3 c\u00e1c thi\u1ebft b\u1ecb t\u1eeb m\u1ed9t b\u1ea3ng \u0111i\u1ec1u khi\u1ec3n trung t\u00e2m.<\/li>\n<li>B\u1ea3o V\u1ec7 D\u1eef Li\u1ec7u: M\u00e3 h\u00f3a v\u00e0 sao l\u01b0u d\u1eef li\u1ec7u quan tr\u1ecdng \u0111\u1ec3 b\u1ea3o v\u1ec7 kh\u1ecfi m\u1ea5t m\u00e1t v\u00e0 truy c\u1eadp tr\u00e1i ph\u00e9p.<\/li>\n<li>B\u1ea3o M\u1eadt Email: Ch\u1eb7n email l\u1eeba \u0111\u1ea3o v\u00e0 ng\u0103n ch\u1eb7n ph\u1ea7n m\u1ec1m \u0111\u1ed9c h\u1ea1i qua email.<\/li>\n<\/ul>\n<h6><strong>\u01afu \u0111i\u1ec3m:<\/strong><\/h6>\n<ul>\n<li>An to\u00e0n tuy\u1ec7t \u0111\u1ed1i: V\u1edbi c\u00e1c c\u00f4ng ngh\u1ec7 b\u1ea3o m\u1eadt ti\u00ean ti\u1ebfn, Avast Ultimate Business Security gi\u00fap b\u1ea3o v\u1ec7 d\u1eef li\u1ec7u v\u00e0 thi\u1ebft b\u1ecb c\u1ee7a b\u1ea1n kh\u1ecfi m\u1ecdi m\u1ed1i \u0111e d\u1ecda m\u1ea1ng.<\/li>\n<li>Hi\u1ec7u su\u1ea5t l\u00e0m vi\u1ec7c cao: C\u00e1c t\u00ednh n\u0103ng l\u1ecdc web v\u00e0 c\u1eadp nh\u1eadt t\u1ef1 \u0111\u1ed9ng gi\u00fap nh\u00e2n vi\u00ean t\u1eadp trung v\u00e0o c\u00f4ng vi\u1ec7c, n\u00e2ng cao hi\u1ec7u su\u1ea5t l\u00e0m vi\u1ec7c.<\/li>\n<li>Qu\u1ea3n l\u00fd d\u1ec5 d\u00e0ng: Giao di\u1ec7n qu\u1ea3n l\u00fd th\u00e2n thi\u1ec7n, d\u1ec5 s\u1eed d\u1ee5ng gi\u00fap b\u1ea1n theo d\u00f5i v\u00e0 ki\u1ec3m so\u00e1t t\u00ecnh h\u00ecnh b\u1ea3o m\u1eadt c\u1ee7a doanh nghi\u1ec7p m\u1ed9t c\u00e1ch hi\u1ec7u qu\u1ea3.<\/li>\n<li>Ti\u1ebft ki\u1ec7m th\u1eddi gian v\u00e0 chi ph\u00ed: T\u1ef1 \u0111\u1ed9ng h\u00f3a c\u00e1c quy tr\u00ecnh b\u1ea3o m\u1eadt gi\u00fap b\u1ea1n ti\u1ebft ki\u1ec7m th\u1eddi gian v\u00e0 chi ph\u00ed qu\u1ea3n l\u00fd IT.<\/li>\n<\/ul>\n<p><!--more--><\/p>\n<p>\u0110\u1ec3 xem th\u00eam c\u00e1c t\u00ednh n\u0103ng m\u00e0 s\u1ea3n ph\u1ea9m Avast Ultimate Business Security mang l\u1ea1i, b\u1ea1n c\u00f3 th\u1ec3 \u0111\u1ecdc th\u00f4ng tin chi ti\u1ebft t\u1ea1i Trang web ch\u00ednh th\u1ee9c c\u1ee7a <a href=\"https:\/\/www.avast.com\/vi-vn\/business\/products\/ultimate#pc\">Avast Ultimate Business Security.<\/a><\/p>\n","protected":false},"excerpt":{"rendered":"<p>Code k\u00edch ho\u1ea1t tr\u00ean 1 thi\u1ebft b\u1ecb<\/p>\n","protected":false},"featured_media":3489,"comment_status":"open","ping_status":"closed","template":"","meta":[],"product_cat":[27,65],"product_tag":[107],"jetpack_sharing_enabled":true,"_links":{"self":[{"href":"https:\/\/banquyenshop.com\/index.php?rest_route=\/wp\/v2\/product\/3213"}],"collection":[{"href":"https:\/\/banquyenshop.com\/index.php?rest_route=\/wp\/v2\/product"}],"about":[{"href":"https:\/\/banquyenshop.com\/index.php?rest_route=\/wp\/v2\/types\/product"}],"replies":[{"embeddable":true,"href":"https:\/\/banquyenshop.com\/index.php?rest_route=%2Fwp%2Fv2%2Fcomments&post=3213"}],"wp:featuredmedia":[{"embeddable":true,"href":"https:\/\/banquyenshop.com\/index.php?rest_route=\/wp\/v2\/media\/3489"}],"wp:attachment":[{"href":"https:\/\/banquyenshop.com\/index.php?rest_route=%2Fwp%2Fv2%2Fmedia&parent=3213"}],"wp:term":[{"taxonomy":"product_cat","embeddable":true,"href":"https:\/\/banquyenshop.com\/index.php?rest_route=%2Fwp%2Fv2%2Fproduct_cat&post=3213"},{"taxonomy":"product_tag","embeddable":true,"href":"https:\/\/banquyenshop.com\/index.php?rest_route=%2Fwp%2Fv2%2Fproduct_tag&post=3213"}],"curies":[{"name":"wp","href":"https:\/\/api.w.org\/{rel}","templated":true}]}}