{"id":3212,"date":"2024-06-19T15:39:17","date_gmt":"2024-06-19T15:39:17","guid":{"rendered":"https:\/\/banquyenshop.com\/?post_type=product&#038;p=3212"},"modified":"2025-08-02T11:33:43","modified_gmt":"2025-08-02T11:33:43","slug":"avast-cleanup-premium-1-thiet-bi-1-nam-global","status":"publish","type":"product","link":"https:\/\/banquyenshop.com\/?product=avast-cleanup-premium-1-thiet-bi-1-nam-global","title":{"rendered":"Avast Cleanup Premium 1 n\u0103m 1 thi\u1ebft b\u1ecb"},"content":{"rendered":"<p>Avast Cleanup Premium l\u00e0 ph\u1ea7n m\u1ec1m t\u1ed1i \u01b0u h\u00f3a h\u1ec7 th\u1ed1ng, gi\u00fap c\u1ea3i thi\u1ec7n hi\u1ec7u su\u1ea5t m\u00e1y t\u00ednh b\u1eb1ng c\u00e1ch lo\u1ea1i b\u1ecf c\u00e1c t\u1ec7p r\u00e1c, t\u1ed1i \u01b0u h\u00f3a c\u00e0i \u0111\u1eb7t v\u00e0 s\u1eeda ch\u1eefa c\u00e1c v\u1ea5n \u0111\u1ec1 \u1ea3nh h\u01b0\u1edfng \u0111\u1ebfn t\u1ed1c \u0111\u1ed9 v\u00e0 hi\u1ec7u qu\u1ea3 ho\u1ea1t \u0111\u1ed9ng.<\/p>\n<h6><strong>H\u1ed7 tr\u1ee3:<\/strong><\/h6>\n<p>PC, Mac v\u00e0 thi\u1ebft b\u1ecb Android<\/p>\n<h6><strong>T\u00ednh N\u0103ng Ch\u00ednh:<\/strong><\/h6>\n<ul>\n<li>Ch\u1ebf \u0111\u1ed9 ng\u1ee7: D\u1eebng c\u00e1c \u1ee9ng d\u1ee5ng ch\u1ea1y ng\u1ea7m \u0111\u1ec3 gi\u1ea3i ph\u00f3ng b\u1ed9 nh\u1edb c\u1ee7a thi\u1ebft b\u1ecb v\u00e0 gi\u00fap thi\u1ebft b\u1ecb ch\u1ea1y nhanh h\u01a1n.<\/li>\n<li>B\u1ea3o tr\u00ec T\u1ef1 \u0111\u1ed9ng: Th\u01b0\u1eddng xuy\u00ean d\u1ecdn d\u1eb9p v\u00e0 t\u0103ng t\u1ed1c m\u00e1y t\u00ednh cho b\u1ea1n &#8211; kh\u00f4ng phi\u1ec1n b\u1ea1n ph\u1ea3i nh\u00f3n tay.<\/li>\n<li>C\u00f4ng c\u1ee5 d\u1ecdn d\u1eb9p registry: Qu\u00e9t registry c\u1ee7a Windows \u0111\u1ec3 t\u00ecm s\u1ef1 c\u1ed1 v\u00e0 t\u00ecm c\u00e1ch kh\u1eafc ph\u1ee5c.<\/li>\n<li>Tr\u00ecnh c\u1eadp nh\u1eadt ph\u1ea7n m\u1ec1m: T\u00ecm v\u00e0 c\u00e0i \u0111\u1eb7t c\u00e1c b\u1ea3n c\u1eadp nh\u1eadt ph\u1ea7n m\u1ec1m cho c\u00e1c \u1ee9ng d\u1ee5ng ph\u1ed5 bi\u1ebfn nh\u1ea5t \u1edf m\u1ed9t n\u01a1i ch\u1ec9 b\u1eb1ng v\u00e0i c\u00fa nh\u1ea5p chu\u1ed9t.<\/li>\n<li>T\u1ed1i \u01b0u h\u00f3a v\u00e0 ch\u1ed1ng ph\u00e2n m\u1ea3nh \u1ed5 \u0111\u0129a: Gi\u00fap t\u00e1i c\u1ea5u tr\u00fac \u1ed5 \u0111\u0129a c\u1ee9ng \u0111\u1ec3 truy c\u1eadp t\u1eadp tin nhanh h\u01a1n.<\/li>\n<li>C\u00f4ng c\u1ee5 d\u1ecdn d\u1eb9p Ph\u00edm t\u1eaft: Lo\u1ea1i b\u1ecf nh\u1eefng l\u1ed1i t\u1eaft kh\u00f4ng ho\u1ea1t \u0111\u1ed9ng kh\u1ecfi m\u00e0n h\u00ecnh n\u1ec1n m\u00e1y t\u00ednh v\u00e0 danh s\u00e1ch l\u1ecbch s\u1eed tr\u00ean Windows c\u0169ng nh\u01b0 c\u00e1c \u1ee9ng d\u1ee5ng kh\u00e1c.<\/li>\n<li>D\u1ecdn r\u00e1c h\u1ec7 th\u1ed1ng: L\u1ea5y l\u1ea1i dung l\u01b0\u1ee3ng l\u01b0u tr\u1eef b\u1eb1ng c\u00e1ch x\u00f3a c\u00e1c t\u1eadp tin c\u00f2n s\u00f3t l\u1ea1i kh\u1ecfi Windows v\u00e0 h\u00e0ng tr\u0103m ch\u01b0\u01a1ng tr\u00ecnh ph\u1ed5 bi\u1ebfn nh\u1ea5t.<\/li>\n<li>D\u1ecdn d\u1eb9p tr\u00ecnh duy\u1ec7t: D\u1ecdn d\u1eb9p c\u00e1c d\u1ea5u v\u1ebft tr\u00ean m\u1ea1ng, cookie v\u00e0 d\u1eef li\u1ec7u t\u1ea1m th\u1eddi t\u1eeb h\u01a1n 25 tr\u00ecnh duy\u1ec7t, bao g\u1ed3m c\u1ea3 Edge, Chrome v\u00e0 Firefox.<\/li>\n<li>Tinh ch\u1ec9nh B\u1ea3ng \u0111i\u1ec1u khi\u1ec3n v\u00e0 Trung t\u00e2m H\u00e0nh \u0111\u1ed9ng: Cung c\u1ea5p t\u1ed5ng quan nhanh v\u1ec1 t\u00ecnh tr\u1ea1ng m\u00e1y t\u00ednh c\u1ee7a b\u1ea1n.<\/li>\n<li>B\u00e1c s\u0129 \u1ed5 c\u1ee9ng: Ki\u1ec3m tra v\u00e0 gi\u00fap kh\u1eafc ph\u1ee5c, ng\u0103n ch\u1eb7n l\u1ed7i tr\u00ean \u1ed5 \u0111\u0129a c\u1ee9ng.<\/li>\n<\/ul>\n<h6><strong>\u01afu \u0110i\u1ec3m:<\/strong><\/h6>\n<ul>\n<li>Hi\u1ec7u Qu\u1ea3 Cao: C\u1ea3i thi\u1ec7n r\u00f5 r\u1ec7t t\u1ed1c \u0111\u1ed9 v\u00e0 hi\u1ec7u su\u1ea5t m\u00e1y t\u00ednh.<\/li>\n<li>D\u1ec5 S\u1eed D\u1ee5ng: Giao di\u1ec7n th\u00e2n thi\u1ec7n, d\u1ec5 thao t\u00e1c v\u00e0 qu\u1ea3n l\u00fd.<\/li>\n<li>T\u1ed1i \u01afu H\u00f3a To\u00e0n Di\u1ec7n: Cung c\u1ea5p gi\u1ea3i ph\u00e1p to\u00e0n di\u1ec7n cho vi\u1ec7c t\u1ed1i \u01b0u h\u00f3a v\u00e0 b\u1ea3o tr\u00ec h\u1ec7 th\u1ed1ng.<\/li>\n<\/ul>\n<p><!--more--><\/p>\n<p>\u0110\u1ec3 xem th\u00eam c\u00e1c t\u00ednh n\u0103ng m\u00e0 s\u1ea3n ph\u1ea9m Avast Cleanup Premium mang l\u1ea1i, b\u1ea1n c\u00f3 th\u1ec3 \u0111\u1ecdc th\u00f4ng tin chi ti\u1ebft t\u1ea1i Trang web ch\u00ednh th\u1ee9c c\u1ee7a <a href=\"https:\/\/www.avast.com\/vi-vn\/cleanup#pc\">Avast Cleanup Premium<\/a>.<\/p>\n","protected":false},"excerpt":{"rendered":"<p>Code k\u00edch ho\u1ea1t tr\u00ean 1 thi\u1ebft b\u1ecb<\/p>\n","protected":false},"featured_media":3490,"comment_status":"open","ping_status":"closed","template":"","meta":[],"product_cat":[65,15],"product_tag":[107],"jetpack_sharing_enabled":true,"_links":{"self":[{"href":"https:\/\/banquyenshop.com\/index.php?rest_route=\/wp\/v2\/product\/3212"}],"collection":[{"href":"https:\/\/banquyenshop.com\/index.php?rest_route=\/wp\/v2\/product"}],"about":[{"href":"https:\/\/banquyenshop.com\/index.php?rest_route=\/wp\/v2\/types\/product"}],"replies":[{"embeddable":true,"href":"https:\/\/banquyenshop.com\/index.php?rest_route=%2Fwp%2Fv2%2Fcomments&post=3212"}],"wp:featuredmedia":[{"embeddable":true,"href":"https:\/\/banquyenshop.com\/index.php?rest_route=\/wp\/v2\/media\/3490"}],"wp:attachment":[{"href":"https:\/\/banquyenshop.com\/index.php?rest_route=%2Fwp%2Fv2%2Fmedia&parent=3212"}],"wp:term":[{"taxonomy":"product_cat","embeddable":true,"href":"https:\/\/banquyenshop.com\/index.php?rest_route=%2Fwp%2Fv2%2Fproduct_cat&post=3212"},{"taxonomy":"product_tag","embeddable":true,"href":"https:\/\/banquyenshop.com\/index.php?rest_route=%2Fwp%2Fv2%2Fproduct_tag&post=3212"}],"curies":[{"name":"wp","href":"https:\/\/api.w.org\/{rel}","templated":true}]}}