{"id":3210,"date":"2024-06-19T15:36:22","date_gmt":"2024-06-19T15:36:22","guid":{"rendered":"https:\/\/banquyenshop.com\/?post_type=product&#038;p=3210"},"modified":"2025-08-02T11:38:24","modified_gmt":"2025-08-02T11:38:24","slug":"avg-antivirus-pro-cho-android-1-nam-1-thiet-bi","status":"publish","type":"product","link":"https:\/\/banquyenshop.com\/?product=avg-antivirus-pro-cho-android-1-nam-1-thiet-bi","title":{"rendered":"AVG AntiVirus Pro cho Android 1 n\u0103m 1 thi\u1ebft b\u1ecb"},"content":{"rendered":"<p>AVG AntiVirus Pro cho Android l\u00e0 \u1ee9ng d\u1ee5ng b\u1ea3o m\u1eadt di \u0111\u1ed9ng cung c\u1ea5p b\u1ea3o v\u1ec7 m\u1ea1nh m\u1ebd cho thi\u1ebft b\u1ecb Android kh\u1ecfi virus, malware, v\u00e0 c\u00e1c m\u1ed1i \u0111e d\u1ecda tr\u1ef1c tuy\u1ebfn.<\/p>\n<h6><strong>T\u00ednh N\u0103ng Ch\u00ednh:<\/strong><\/h6>\n<ul>\n<li>Ch\u1ed1ng Virus v\u00e0 Malware: B\u1ea3o v\u1ec7 th\u1eddi gian th\u1ef1c ch\u1ed1ng l\u1ea1i virus, malware v\u00e0 c\u00e1c m\u1ed1i \u0111e d\u1ecda kh\u00e1c.<\/li>\n<li>Kh\u00f3a \u1ee8ng D\u1ee5ng: B\u1ea3o v\u1ec7 c\u00e1c \u1ee9ng d\u1ee5ng c\u00e1 nh\u00e2n b\u1eb1ng m\u00e3 PIN, m\u1eabu ho\u1eb7c v\u00e2n tay.<\/li>\n<li>Anti-Theft: \u0110\u1ecbnh v\u1ecb, kh\u00f3a ho\u1eb7c x\u00f3a d\u1eef li\u1ec7u t\u1eeb xa n\u1ebfu thi\u1ebft b\u1ecb b\u1ecb m\u1ea5t ho\u1eb7c \u0111\u00e1nh c\u1eafp.<\/li>\n<li>B\u1ea3o V\u1ec7 Wi-Fi: Ph\u00e1t hi\u1ec7n v\u00e0 c\u1ea3nh b\u00e1o c\u00e1c m\u1ea1ng Wi-Fi kh\u00f4ng an to\u00e0n.<\/li>\n<li>T\u1ed1i \u01afu H\u00f3a Hi\u1ec7u Su\u1ea5t: D\u1ecdn d\u1eb9p t\u1ec7p r\u00e1c v\u00e0 c\u1ea3i thi\u1ec7n hi\u1ec7u su\u1ea5t thi\u1ebft b\u1ecb.<\/li>\n<li>B\u1ea3o V\u1ec7 Quy\u1ec1n Ri\u00eang T\u01b0: Ki\u1ec3m tra v\u00e0 qu\u1ea3n l\u00fd quy\u1ec1n truy c\u1eadp c\u1ee7a c\u00e1c \u1ee9ng d\u1ee5ng v\u00e0o d\u1eef li\u1ec7u c\u00e1 nh\u00e2n.<\/li>\n<\/ul>\n<h6><strong>\u01afu \u0110i\u1ec3m:<\/strong><\/h6>\n<ul>\n<li>B\u1ea3o V\u1ec7 To\u00e0n Di\u1ec7n: \u0110a d\u1ea1ng t\u00ednh n\u0103ng b\u1ea3o m\u1eadt ti\u00ean ti\u1ebfn.<\/li>\n<li>D\u1ec5 S\u1eed D\u1ee5ng: Giao di\u1ec7n th\u00e2n thi\u1ec7n, d\u1ec5 c\u00e0i \u0111\u1eb7t v\u00e0 qu\u1ea3n l\u00fd.<\/li>\n<li>T\u1ed1i \u01afu H\u00f3a: C\u1ea3i thi\u1ec7n hi\u1ec7u su\u1ea5t v\u00e0 b\u1ea3o v\u1ec7 quy\u1ec1n ri\u00eang t\u01b0.<\/li>\n<\/ul>\n","protected":false},"excerpt":{"rendered":"<p>Code k\u00edch ho\u1ea1t 1 thi\u1ebft b\u1ecb Android<\/p>\n","protected":false},"featured_media":3492,"comment_status":"open","ping_status":"closed","template":"","meta":[],"product_cat":[65],"product_tag":[110,93],"jetpack_sharing_enabled":true,"_links":{"self":[{"href":"https:\/\/banquyenshop.com\/index.php?rest_route=\/wp\/v2\/product\/3210"}],"collection":[{"href":"https:\/\/banquyenshop.com\/index.php?rest_route=\/wp\/v2\/product"}],"about":[{"href":"https:\/\/banquyenshop.com\/index.php?rest_route=\/wp\/v2\/types\/product"}],"replies":[{"embeddable":true,"href":"https:\/\/banquyenshop.com\/index.php?rest_route=%2Fwp%2Fv2%2Fcomments&post=3210"}],"wp:featuredmedia":[{"embeddable":true,"href":"https:\/\/banquyenshop.com\/index.php?rest_route=\/wp\/v2\/media\/3492"}],"wp:attachment":[{"href":"https:\/\/banquyenshop.com\/index.php?rest_route=%2Fwp%2Fv2%2Fmedia&parent=3210"}],"wp:term":[{"taxonomy":"product_cat","embeddable":true,"href":"https:\/\/banquyenshop.com\/index.php?rest_route=%2Fwp%2Fv2%2Fproduct_cat&post=3210"},{"taxonomy":"product_tag","embeddable":true,"href":"https:\/\/banquyenshop.com\/index.php?rest_route=%2Fwp%2Fv2%2Fproduct_tag&post=3210"}],"curies":[{"name":"wp","href":"https:\/\/api.w.org\/{rel}","templated":true}]}}