{"id":3208,"date":"2024-06-19T15:33:32","date_gmt":"2024-06-19T15:33:32","guid":{"rendered":"https:\/\/banquyenshop.com\/?post_type=product&#038;p=3208"},"modified":"2025-08-02T11:39:41","modified_gmt":"2025-08-02T11:39:41","slug":"avg-secure-vpn-10-thiet-bi-1-nam-global","status":"publish","type":"product","link":"https:\/\/banquyenshop.com\/?product=avg-secure-vpn-10-thiet-bi-1-nam-global","title":{"rendered":"AVG Secure VPN 1 n\u0103m 10 thi\u1ebft b\u1ecb"},"content":{"rendered":"<p>AVG Secure VPN l\u00e0 m\u1ed9t d\u1ecbch v\u1ee5 m\u1ea1ng ri\u00eang \u1ea3o (VPN) cung c\u1ea5p b\u1edfi AVG, gi\u00fap b\u1ea3o v\u1ec7 quy\u1ec1n ri\u00eang t\u01b0 v\u00e0 b\u1ea3o m\u1eadt tr\u1ef1c tuy\u1ebfn c\u1ee7a ng\u01b0\u1eddi d\u00f9ng. D\u1ecbch v\u1ee5 n\u00e0y m\u00e3 h\u00f3a k\u1ebft n\u1ed1i internet, \u1ea9n danh danh t\u00ednh tr\u1ef1c tuy\u1ebfn, v\u00e0 cho ph\u00e9p truy c\u1eadp n\u1ed9i dung b\u1ecb ch\u1eb7n theo khu v\u1ef1c \u0111\u1ecba l\u00fd.<\/p>\n<h6><strong>H\u1ed7 tr\u1ee3 h\u1ec7 \u0111i\u1ec1u h\u00e0nh:<\/strong><\/h6>\n<p>Windows, Mac, Android, iOS<\/p>\n<h6><strong>T\u00ednh N\u0103ng Ch\u00ednh:<\/strong><\/h6>\n<ul>\n<li>M\u00e3 H\u00f3a K\u1ebft N\u1ed1i: S\u1eed d\u1ee5ng m\u00e3 h\u00f3a m\u1ea1nh \u0111\u1ec3 b\u1ea3o v\u1ec7 d\u1eef li\u1ec7u kh\u1ecfi hacker v\u00e0 c\u00e1c m\u1ed1i \u0111e d\u1ecda tr\u1ef1c tuy\u1ebfn.<\/li>\n<li>\u1ea8n Danh: Gi\u1ea5u \u0111\u1ecba ch\u1ec9 IP th\u1ef1c c\u1ee7a ng\u01b0\u1eddi d\u00f9ng \u0111\u1ec3 duy\u1ec7t web \u1ea9n danh.<\/li>\n<li>Truy C\u1eadp N\u1ed9i Dung To\u00e0n C\u1ea7u: B\u1ecf qua c\u00e1c gi\u1edbi h\u1ea1n \u0111\u1ecba l\u00fd \u0111\u1ec3 truy c\u1eadp c\u00e1c trang web v\u00e0 d\u1ecbch v\u1ee5 b\u1ecb ch\u1eb7n.<\/li>\n<li>K\u1ebft N\u1ed1i Nhanh: \u0110\u1ea3m b\u1ea3o t\u1ed1c \u0111\u1ed9 k\u1ebft n\u1ed1i internet nhanh v\u00e0 \u1ed5n \u0111\u1ecbnh.<\/li>\n<li>Kh\u00f4ng L\u01b0u Nh\u1eadt K\u00fd: Kh\u00f4ng l\u01b0u tr\u1eef l\u1ecbch s\u1eed ho\u1ea1t \u0111\u1ed9ng tr\u1ef1c tuy\u1ebfn c\u1ee7a ng\u01b0\u1eddi d\u00f9ng \u0111\u1ec3 b\u1ea3o v\u1ec7 quy\u1ec1n ri\u00eang t\u01b0.<\/li>\n<\/ul>\n<p><strong>\u01afu \u0110i\u1ec3m:<\/strong><\/p>\n<ul>\n<li>B\u1ea3o V\u1ec7 M\u1ea1nh M\u1ebd: M\u00e3 h\u00f3a k\u1ebft n\u1ed1i \u0111\u1ec3 b\u1ea3o v\u1ec7 d\u1eef li\u1ec7u v\u00e0 quy\u1ec1n ri\u00eang t\u01b0.<\/li>\n<li>D\u1ec5 S\u1eed D\u1ee5ng: Giao di\u1ec7n th\u00e2n thi\u1ec7n, d\u1ec5 thi\u1ebft l\u1eadp v\u00e0 s\u1eed d\u1ee5ng.<\/li>\n<li>Kh\u00f4ng Gi\u1edbi H\u1ea1n B\u0103ng Th\u00f4ng: Duy\u1ec7t web m\u00e0 kh\u00f4ng lo v\u1ec1 gi\u1edbi h\u1ea1n b\u0103ng th\u00f4ng.<\/li>\n<\/ul>\n<p><!--more--><\/p>\n<p>\u0110\u1ec3 xem th\u00eam c\u00e1c t\u00ednh n\u0103ng m\u00e0 s\u1ea3n ph\u1ea9m AVG Secure VPN mang l\u1ea1i, b\u1ea1n c\u00f3 th\u1ec3 \u0111\u1ecdc th\u00f4ng tin chi ti\u1ebft t\u1ea1i Trang web ch\u00ednh th\u1ee9c c\u1ee7a <a href=\"https:\/\/www.avg.com\/en-us\/secure-vpn#pc\">AVG Secure VPN<\/a>.<\/p>\n<p>&nbsp;<\/p>\n<p>&nbsp;<\/p>\n","protected":false},"excerpt":{"rendered":"<p>Code k\u00edch ho\u1ea1t tr\u00ean 10 thi\u1ebft b\u1ecb<\/p>\n","protected":false},"featured_media":3495,"comment_status":"open","ping_status":"closed","template":"","meta":[],"product_cat":[27],"product_tag":[110,95],"jetpack_sharing_enabled":true,"_links":{"self":[{"href":"https:\/\/banquyenshop.com\/index.php?rest_route=\/wp\/v2\/product\/3208"}],"collection":[{"href":"https:\/\/banquyenshop.com\/index.php?rest_route=\/wp\/v2\/product"}],"about":[{"href":"https:\/\/banquyenshop.com\/index.php?rest_route=\/wp\/v2\/types\/product"}],"replies":[{"embeddable":true,"href":"https:\/\/banquyenshop.com\/index.php?rest_route=%2Fwp%2Fv2%2Fcomments&post=3208"}],"wp:featuredmedia":[{"embeddable":true,"href":"https:\/\/banquyenshop.com\/index.php?rest_route=\/wp\/v2\/media\/3495"}],"wp:attachment":[{"href":"https:\/\/banquyenshop.com\/index.php?rest_route=%2Fwp%2Fv2%2Fmedia&parent=3208"}],"wp:term":[{"taxonomy":"product_cat","embeddable":true,"href":"https:\/\/banquyenshop.com\/index.php?rest_route=%2Fwp%2Fv2%2Fproduct_cat&post=3208"},{"taxonomy":"product_tag","embeddable":true,"href":"https:\/\/banquyenshop.com\/index.php?rest_route=%2Fwp%2Fv2%2Fproduct_tag&post=3208"}],"curies":[{"name":"wp","href":"https:\/\/api.w.org\/{rel}","templated":true}]}}