{"id":3205,"date":"2024-06-19T15:29:31","date_gmt":"2024-06-19T15:29:31","guid":{"rendered":"https:\/\/banquyenshop.com\/?post_type=product&#038;p=3205"},"modified":"2025-08-02T11:38:58","modified_gmt":"2025-08-02T11:38:58","slug":"avg-breachguard-1-nam-1-pc-global","status":"publish","type":"product","link":"https:\/\/banquyenshop.com\/?product=avg-breachguard-1-nam-1-pc-global","title":{"rendered":"AVG BreachGuard 1 n\u0103m 1 PC"},"content":{"rendered":"<p>AVG BreachGuard l\u00e0 m\u1ed9t ph\u1ea7n m\u1ec1m b\u1ea3o m\u1eadt \u0111\u01b0\u1ee3c thi\u1ebft k\u1ebf \u0111\u1ec3 b\u1ea3o v\u1ec7 th\u00f4ng tin c\u00e1 nh\u00e2n c\u1ee7a ng\u01b0\u1eddi d\u00f9ng kh\u1ecfi c\u00e1c vi ph\u1ea1m d\u1eef li\u1ec7u v\u00e0 l\u1ea1m d\u1ee5ng tr\u1ef1c tuy\u1ebfn.<\/p>\n<h6><strong>T\u00ednh n\u0103ng ch\u00ednh:<\/strong><\/h6>\n<ul>\n<li>Gi\u00e1m s\u00e1t Vi ph\u1ea1m D\u1eef li\u1ec7u: Theo d\u00f5i c\u00e1c vi ph\u1ea1m d\u1eef li\u1ec7u tr\u1ef1c tuy\u1ebfn \u0111\u1ec3 c\u1ea3nh b\u00e1o ng\u01b0\u1eddi d\u00f9ng n\u1ebfu th\u00f4ng tin c\u00e1 nh\u00e2n c\u1ee7a h\u1ecd b\u1ecb l\u1ed9.<\/li>\n<li>Qu\u1ea3n l\u00fd Quy\u1ec1n ri\u00eang t\u01b0: Gi\u00fap ng\u01b0\u1eddi d\u00f9ng ki\u1ec3m so\u00e1t th\u00f4ng tin c\u00e1 nh\u00e2n tr\u00ean c\u00e1c trang web v\u00e0 d\u1ecbch v\u1ee5 tr\u1ef1c tuy\u1ebfn, bao g\u1ed3m vi\u1ec7c y\u00eau c\u1ea7u x\u00f3a d\u1eef li\u1ec7u c\u00e1 nh\u00e2n.<\/li>\n<li>B\u1ea3o v\u1ec7 T\u00e0i kho\u1ea3n: \u0110\u00e1nh gi\u00e1 v\u00e0 \u0111\u1ec1 xu\u1ea5t c\u1ea3i thi\u1ec7n b\u1ea3o m\u1eadt cho c\u00e1c t\u00e0i kho\u1ea3n tr\u1ef1c tuy\u1ebfn, bao g\u1ed3m ki\u1ec3m tra \u0111\u1ed9 m\u1ea1nh c\u1ee7a m\u1eadt kh\u1ea9u.<\/li>\n<li>Ng\u0103n ch\u1eb7n L\u1ea1m d\u1ee5ng Th\u00f4ng tin: H\u1ed7 tr\u1ee3 ng\u0103n ch\u1eb7n c\u00e1c h\u00e0nh vi l\u1ea1m d\u1ee5ng th\u00f4ng tin c\u00e1 nh\u00e2n tr\u1ef1c tuy\u1ebfn nh\u01b0 spam v\u00e0 qu\u1ea3ng c\u00e1o kh\u00f4ng mong mu\u1ed1n.<\/li>\n<li>B\u1ea3o m\u1eadt D\u1eef li\u1ec7u: Cung c\u1ea5p c\u00e1c bi\u1ec7n ph\u00e1p b\u1ea3o m\u1eadt \u0111\u1ec3 b\u1ea3o v\u1ec7 d\u1eef li\u1ec7u c\u00e1 nh\u00e2n v\u00e0 ng\u0103n ch\u1eb7n truy c\u1eadp tr\u00e1i ph\u00e9p.<\/li>\n<\/ul>\n<p><!--more--><\/p>\n<p>\u0110\u1ec3 xem th\u00eam c\u00e1c t\u00ednh n\u0103ng m\u00e0 s\u1ea3n ph\u1ea9m AVG BreachGuard mang l\u1ea1i, b\u1ea1n c\u00f3 th\u1ec3 \u0111\u1ecdc th\u00f4ng tin chi ti\u1ebft t\u1ea1i <a href=\"https:\/\/www.avg.com\/en-ww\/breachguard#pc\">Trang web ch\u00ednh th\u1ee9c c\u1ee7a AVG BreachGuard<\/a>.<\/p>\n","protected":false},"excerpt":{"rendered":"<p>AVG BreachGuard l\u00e0 m\u1ed9t ph\u1ea7n m\u1ec1m b\u1ea3o m\u1eadt \u0111\u01b0\u1ee3c thi\u1ebft k\u1ebf \u0111\u1ec3 b\u1ea3o v\u1ec7 th\u00f4ng tin c\u00e1 nh\u00e2n c\u1ee7a ng\u01b0\u1eddi d\u00f9ng kh\u1ecfi c\u00e1c vi ph\u1ea1m d\u1eef li\u1ec7u v\u00e0 l\u1ea1m d\u1ee5ng tr\u1ef1c tuy\u1ebfn. T\u00ednh n\u0103ng ch\u00ednh: Gi\u00e1m s\u00e1t Vi ph\u1ea1m D\u1eef li\u1ec7u: Theo d\u00f5i c\u00e1c vi ph\u1ea1m d\u1eef li\u1ec7u tr\u1ef1c tuy\u1ebfn \u0111\u1ec3 c\u1ea3nh b\u00e1o ng\u01b0\u1eddi d\u00f9ng<\/p>\n<div class=\"klb-readmore post-buttons\"><a class=\"button black outline rounded-style size-sm\" href=\"https:\/\/banquyenshop.com\/?product=avg-breachguard-1-nam-1-pc-global\">Xem ti\u1ebfp <i class=\"klbth-icon-right-arrow\"><\/i><\/a><\/div>\n","protected":false},"featured_media":3500,"comment_status":"open","ping_status":"closed","template":"","meta":[],"product_cat":[65],"product_tag":[110,93],"jetpack_sharing_enabled":true,"_links":{"self":[{"href":"https:\/\/banquyenshop.com\/index.php?rest_route=\/wp\/v2\/product\/3205"}],"collection":[{"href":"https:\/\/banquyenshop.com\/index.php?rest_route=\/wp\/v2\/product"}],"about":[{"href":"https:\/\/banquyenshop.com\/index.php?rest_route=\/wp\/v2\/types\/product"}],"replies":[{"embeddable":true,"href":"https:\/\/banquyenshop.com\/index.php?rest_route=%2Fwp%2Fv2%2Fcomments&post=3205"}],"wp:featuredmedia":[{"embeddable":true,"href":"https:\/\/banquyenshop.com\/index.php?rest_route=\/wp\/v2\/media\/3500"}],"wp:attachment":[{"href":"https:\/\/banquyenshop.com\/index.php?rest_route=%2Fwp%2Fv2%2Fmedia&parent=3205"}],"wp:term":[{"taxonomy":"product_cat","embeddable":true,"href":"https:\/\/banquyenshop.com\/index.php?rest_route=%2Fwp%2Fv2%2Fproduct_cat&post=3205"},{"taxonomy":"product_tag","embeddable":true,"href":"https:\/\/banquyenshop.com\/index.php?rest_route=%2Fwp%2Fv2%2Fproduct_tag&post=3205"}],"curies":[{"name":"wp","href":"https:\/\/api.w.org\/{rel}","templated":true}]}}