{"id":3204,"date":"2024-06-19T15:28:02","date_gmt":"2024-06-19T15:28:02","guid":{"rendered":"https:\/\/banquyenshop.com\/?post_type=product&#038;p=3204"},"modified":"2024-06-22T09:14:18","modified_gmt":"2024-06-22T09:14:18","slug":"avg-antitrack-1-nam-1-pc-global","status":"publish","type":"product","link":"https:\/\/banquyenshop.com\/?product=avg-antitrack-1-nam-1-pc-global","title":{"rendered":"AVG AntiTrack 1 n\u0103m 1 PC"},"content":{"rendered":"<p>AVG AntiTrack l\u00e0 m\u1ed9t ph\u1ea7n m\u1ec1m b\u1ea3o m\u1eadt \u0111\u01b0\u1ee3c thi\u1ebft k\u1ebf \u0111\u1ec3 b\u1ea3o v\u1ec7 quy\u1ec1n ri\u00eang t\u01b0 tr\u1ef1c tuy\u1ebfn c\u1ee7a ng\u01b0\u1eddi d\u00f9ng b\u1eb1ng c\u00e1ch ng\u0103n ch\u1eb7n theo d\u00f5i v\u00e0 gi\u00e1m s\u00e1t h\u00e0nh vi l\u01b0\u1edbt web.<\/p>\n<h6><strong>T\u00ednh n\u0103ng ch\u00ednh:<\/strong><\/h6>\n<ul>\n<li>Ng\u0103n Ch\u1eb7n Theo D\u00f5i: Ch\u1eb7n c\u00e1c tr\u00ecnh theo d\u00f5i tr\u1ef1c tuy\u1ebfn \u0111\u1ec3 ng\u0103n ch\u1eb7n c\u00e1c trang web v\u00e0 nh\u00e0 qu\u1ea3ng c\u00e1o thu th\u1eadp th\u00f4ng tin v\u1ec1 ho\u1ea1t \u0111\u1ed9ng duy\u1ec7t web c\u1ee7a ng\u01b0\u1eddi d\u00f9ng.<\/li>\n<li>X\u00f3a Cookie Theo D\u00f5i: T\u1ef1 \u0111\u1ed9ng ph\u00e1t hi\u1ec7n v\u00e0 x\u00f3a cookie theo d\u00f5i \u0111\u01b0\u1ee3c s\u1eed d\u1ee5ng \u0111\u1ec3 gi\u00e1m s\u00e1t h\u00e0nh vi duy\u1ec7t web.<\/li>\n<li>Duy\u1ec7t Web \u1ea8n Danh: Che gi\u1ea5u th\u00f4ng tin c\u00e1 nh\u00e2n v\u00e0 gi\u1ea3m thi\u1ec3u d\u1ea5u v\u1ebft tr\u1ef1c tuy\u1ebfn, l\u00e0m cho vi\u1ec7c theo d\u00f5i ng\u01b0\u1eddi d\u00f9ng tr\u1edf n\u00ean kh\u00f3 kh\u0103n h\u01a1n.<\/li>\n<li>B\u00e1o C\u00e1o Quy\u1ec1n Ri\u00eang T\u01b0: Cung c\u1ea5p b\u00e1o c\u00e1o chi ti\u1ebft v\u1ec1 c\u00e1c ho\u1ea1t \u0111\u1ed9ng theo d\u00f5i b\u1ecb ch\u1eb7n v\u00e0 b\u1ea3o m\u1eadt quy\u1ec1n ri\u00eang t\u01b0 c\u1ee7a ng\u01b0\u1eddi d\u00f9ng.<\/li>\n<li>Duy\u1ec7t Web Nhanh H\u01a1n: C\u1ea3i thi\u1ec7n t\u1ed1c \u0111\u1ed9 duy\u1ec7t web b\u1eb1ng c\u00e1ch gi\u1ea3m s\u1ed1 l\u01b0\u1ee3ng qu\u1ea3ng c\u00e1o v\u00e0 tr\u00ecnh theo d\u00f5i t\u1ea3i xu\u1ed1ng trong khi duy\u1ec7t.<\/li>\n<\/ul>\n<p>&nbsp;<\/p>\n","protected":false},"excerpt":{"rendered":"<p>Code k\u00edch ho\u1ea1t cho 1 thi\u1ebft b\u1ecb<\/p>\n","protected":false},"featured_media":3502,"comment_status":"open","ping_status":"closed","template":"","meta":[],"product_cat":[65],"product_tag":[110,93],"jetpack_sharing_enabled":true,"_links":{"self":[{"href":"https:\/\/banquyenshop.com\/index.php?rest_route=\/wp\/v2\/product\/3204"}],"collection":[{"href":"https:\/\/banquyenshop.com\/index.php?rest_route=\/wp\/v2\/product"}],"about":[{"href":"https:\/\/banquyenshop.com\/index.php?rest_route=\/wp\/v2\/types\/product"}],"replies":[{"embeddable":true,"href":"https:\/\/banquyenshop.com\/index.php?rest_route=%2Fwp%2Fv2%2Fcomments&post=3204"}],"wp:featuredmedia":[{"embeddable":true,"href":"https:\/\/banquyenshop.com\/index.php?rest_route=\/wp\/v2\/media\/3502"}],"wp:attachment":[{"href":"https:\/\/banquyenshop.com\/index.php?rest_route=%2Fwp%2Fv2%2Fmedia&parent=3204"}],"wp:term":[{"taxonomy":"product_cat","embeddable":true,"href":"https:\/\/banquyenshop.com\/index.php?rest_route=%2Fwp%2Fv2%2Fproduct_cat&post=3204"},{"taxonomy":"product_tag","embeddable":true,"href":"https:\/\/banquyenshop.com\/index.php?rest_route=%2Fwp%2Fv2%2Fproduct_tag&post=3204"}],"curies":[{"name":"wp","href":"https:\/\/api.w.org\/{rel}","templated":true}]}}