{"id":3201,"date":"2024-06-19T15:18:10","date_gmt":"2024-06-19T15:18:10","guid":{"rendered":"https:\/\/banquyenshop.com\/?post_type=product&#038;p=3201"},"modified":"2025-08-02T11:31:47","modified_gmt":"2025-08-02T11:31:47","slug":"adobe-creative-cloud-all-apps-1-nam","status":"publish","type":"product","link":"https:\/\/banquyenshop.com\/?product=adobe-creative-cloud-all-apps-1-nam","title":{"rendered":"Adobe Creative Cloud All Apps 1 n\u0103m"},"content":{"rendered":"<p>G\u00f3i Creative Cloud All Apps c\u00f3 h\u01a1n 20 \u1ee9ng d\u1ee5ng s\u00e1ng t\u1ea1o, bao g\u1ed3m Adobe Photoshop, Illustrator, Premiere Pro, After Effects, InDesign v\u00e0 Acrobat Pro. B\u1ea1n c\u0169ng nh\u1eadn \u0111\u01b0\u1ee3c c\u00e1c m\u1eabu, l\u01b0u tr\u1eef \u0111\u00e1m m\u00e2y v\u00e0 h\u00e0ng ngh\u00ecn ph\u00f4ng ch\u1eef t\u1eeb th\u01b0 vi\u1ec7n Adobe Fonts. Xem danh s\u00e1ch \u0111\u1ea7y \u0111\u1ee7 c\u00e1c \u1ee9ng d\u1ee5ng v\u00e0 l\u1ee3i \u00edch c\u1ee7a Creative Cloud.<\/p>\n<ul>\n<li>Photoshop: T\u1ea1o h\u00ecnh \u1ea3nh tuy\u1ec7t \u0111\u1eb9p, h\u00ecnh \u0111\u1ed3 h\u1ecda phong ph\u00fa v\u00e0 t\u00e1c ph\u1ea9m ngh\u1ec7 thu\u1eadt ho\u00e0n m\u1ef9.<\/li>\n<li>Illustrator: T\u1ea1o c\u00e1c m\u1eabu thi\u1ebft k\u1ebf, bi\u1ec3u t\u01b0\u1ee3ng \u0111\u1eb9p m\u1eaft v\u00e0 h\u01a1n th\u1ebf n\u1eefa, sau \u0111\u00f3 s\u1eed d\u1ee5ng \u1edf m\u1ecdi n\u01a1i v\u1edbi m\u1ecdi k\u00edch th\u01b0\u1edbc.<\/li>\n<li>InDesign: Thi\u1ebft k\u1ebf danh m\u1ee5c, s\u00e1ch \u0111i\u1ec7n t\u1eed, s\u00e1ch tr\u1eafng, t\u1ea1p ch\u00ed k\u1ef9 thu\u1eadt s\u1ed1 v\u00e0 t\u1ec7p PDF t\u01b0\u01a1ng t\u00e1c.<\/li>\n<li>Adobe Firefly: S\u1eed d\u1ee5ng ng\u00f4n ng\u1eef \u0111\u1eddi th\u01b0\u1eddng \u0111\u1ec3 t\u1ea1o ra k\u1ebft qu\u1ea3 phi th\u01b0\u1eddng v\u1edbi AI t\u1ea1o sinh.<\/li>\n<li>Adobe Express: Nhanh ch\u00f3ng v\u00e0 d\u1ec5 d\u00e0ng t\u1ea1o n\u1ed9i dung n\u1ed5i b\u1eadt t\u1eeb h\u00e0ng ngh\u00ecn m\u1eabu si\u00eau \u0111\u1eb9p.<\/li>\n<li>Adobe Fonts: In \u0111\u1eadm, nghi\u00eang, ch\u1eef th\u1ea3o ho\u1eb7c vi\u1ebft hoa to\u00e0n b\u1ed9 \u2013 t\u00ecm ki\u1ec3u ch\u1eef ho\u00e0n h\u1ea3o cho b\u1ea5t k\u1ef3 d\u1ef1 \u00e1n n\u00e0o v\u1edbi h\u01a1n 20.000 ph\u00f4ng ch\u1eef \u0111\u1ec3 kh\u00e1m ph\u00e1.<\/li>\n<\/ul>\n<h6><strong>L\u01b0u \u00fd<\/strong><\/h6>\n<ul>\n<li>C\u1ea7n cung c\u1ea5p t\u00e0i kho\u1ea3n Email \u0111\u0103ng nh\u1eadp Adobe \u0111\u1ebfn b\u1ed9 ph\u1eadn CSKH.<\/li>\n<\/ul>\n<p>&nbsp;<\/p>\n<p>&nbsp;<\/p>\n<p>&nbsp;<\/p>\n<p>&nbsp;<\/p>\n<p>&nbsp;<\/p>\n<p>&nbsp;<\/p>\n","protected":false},"excerpt":{"rendered":"<p>N\u00e2ng c\u1ea5p ch\u00ednh ch\u1ee7 tr\u00ean t\u00e0i kho\u1ea3n c\u1ee7a b\u1ea1n<\/p>\n","protected":false},"featured_media":3518,"comment_status":"open","ping_status":"closed","template":"","meta":[],"product_cat":[45],"product_tag":[135,137,136,138],"jetpack_sharing_enabled":true,"_links":{"self":[{"href":"https:\/\/banquyenshop.com\/index.php?rest_route=\/wp\/v2\/product\/3201"}],"collection":[{"href":"https:\/\/banquyenshop.com\/index.php?rest_route=\/wp\/v2\/product"}],"about":[{"href":"https:\/\/banquyenshop.com\/index.php?rest_route=\/wp\/v2\/types\/product"}],"replies":[{"embeddable":true,"href":"https:\/\/banquyenshop.com\/index.php?rest_route=%2Fwp%2Fv2%2Fcomments&post=3201"}],"wp:featuredmedia":[{"embeddable":true,"href":"https:\/\/banquyenshop.com\/index.php?rest_route=\/wp\/v2\/media\/3518"}],"wp:attachment":[{"href":"https:\/\/banquyenshop.com\/index.php?rest_route=%2Fwp%2Fv2%2Fmedia&parent=3201"}],"wp:term":[{"taxonomy":"product_cat","embeddable":true,"href":"https:\/\/banquyenshop.com\/index.php?rest_route=%2Fwp%2Fv2%2Fproduct_cat&post=3201"},{"taxonomy":"product_tag","embeddable":true,"href":"https:\/\/banquyenshop.com\/index.php?rest_route=%2Fwp%2Fv2%2Fproduct_tag&post=3201"}],"curies":[{"name":"wp","href":"https:\/\/api.w.org\/{rel}","templated":true}]}}