{"id":3199,"date":"2024-06-19T15:15:34","date_gmt":"2024-06-19T15:15:34","guid":{"rendered":"https:\/\/banquyenshop.com\/?post_type=product&#038;p=3199"},"modified":"2025-08-02T11:45:50","modified_gmt":"2025-08-02T11:45:50","slug":"windows-10-home-dsp-oei-dvd","status":"publish","type":"product","link":"https:\/\/banquyenshop.com\/?product=windows-10-home-dsp-oei-dvd","title":{"rendered":"Windows 10 Home DSP OEI DVD"},"content":{"rendered":"<p>Windows 10 Professional DSP OEI DVD l\u00e0 phi\u00ean b\u1ea3n h\u1ec7 \u0111i\u1ec1u h\u00e0nh Windows 10 Professional \u0111\u01b0\u1ee3c ph\u00e2n ph\u1ed1i d\u01b0\u1edbi d\u1ea1ng DSP (Delivery Service Partner) v\u00e0 OEI (Original Equipment Installation).<\/p>\n<h6>L\u01b0u \u00fd<\/h6>\n<p>S\u1ea3n ph\u1ea9m n\u00e0y \u0111i k\u00e8m v\u1edbi m\u1ed9t m\u00e3 b\u1ea3n quy\u1ec1n duy nh\u1ea5t, ch\u1ec9 c\u00f3 th\u1ec3 s\u1eed d\u1ee5ng cho m\u1ed9t thi\u1ebft b\u1ecb v\u00e0 kh\u00f4ng th\u1ec3 chuy\u1ec3n \u0111\u1ed5i sang thi\u1ebft b\u1ecb kh\u00e1c.<\/p>\n<h6><strong>B\u1ea3o h\u00e0nh:<\/strong><\/h6>\n<ul>\n<li>S\u1ea3n ph\u1ea9m \u0111\u01b0\u1ee3c b\u1ea3o h\u00e0nh ch\u00ednh h\u00e3ng b\u1edfi Microsoft.<\/li>\n<\/ul>\n<h6><strong>T\u00ednh n\u0103ng ch\u00ednh<\/strong><\/h6>\n<ul>\n<li>Windows 10 Professional: Phi\u00ean b\u1ea3n h\u1ec7 \u0111i\u1ec1u h\u00e0nh d\u00e0nh cho ng\u01b0\u1eddi d\u00f9ng chuy\u00ean nghi\u1ec7p, doanh nghi\u1ec7p, v\u1edbi nhi\u1ec1u t\u00ednh n\u0103ng b\u1ea3o m\u1eadt, qu\u1ea3n l\u00fd v\u00e0 \u1ea3o h\u00f3a n\u00e2ng cao h\u01a1n so v\u1edbi phi\u00ean b\u1ea3n Home.<\/li>\n<li>DSP (Delivery Service Partner): H\u00ecnh th\u1ee9c ph\u00e2n ph\u1ed1i n\u00e0y th\u01b0\u1eddng \u0111\u01b0\u1ee3c b\u00e1n k\u00e8m v\u1edbi ph\u1ea7n c\u1ee9ng m\u1edbi ho\u1eb7c qua c\u00e1c \u0111\u1ed1i t\u00e1c d\u1ecbch v\u1ee5 c\u1ee7a Microsoft.<\/li>\n<li>OEI (Original Equipment Installation): \u0110\u00e2y l\u00e0 gi\u1ea5y ph\u00e9p c\u00e0i \u0111\u1eb7t g\u1ed1c, th\u01b0\u1eddng d\u00e0nh cho c\u00e1c nh\u00e0 s\u1ea3n xu\u1ea5t m\u00e1y t\u00ednh ho\u1eb7c c\u00e1c nh\u00e0 cung c\u1ea5p ph\u1ea7n c\u1ee9ng, s\u1eed d\u1ee5ng \u0111\u1ec3 c\u00e0i \u0111\u1eb7t h\u1ec7 \u0111i\u1ec1u h\u00e0nh tr\u00ean thi\u1ebft b\u1ecb m\u1edbi.<\/li>\n<li>DVD: H\u00ecnh th\u1ee9c v\u1eadt l\u00fd c\u1ee7a s\u1ea3n ph\u1ea9m, \u0111i k\u00e8m \u0111\u0129a DVD ch\u1ee9a b\u1ed9 c\u00e0i \u0111\u1eb7t h\u1ec7 \u0111i\u1ec1u h\u00e0nh.<\/li>\n<\/ul>\n<p>&nbsp;<\/p>\n","protected":false},"excerpt":{"rendered":"<p>S\u1ea3n ph\u1ea9m nguy\u00ean Seal ch\u00ednh h\u00e3ng, s\u1eed d\u1ee5ng cho 1 thi\u1ebft b\u1ecb<\/p>\n","protected":false},"featured_media":3483,"comment_status":"open","ping_status":"closed","template":"","meta":[],"product_cat":[127],"product_tag":[131,132,128],"jetpack_sharing_enabled":true,"_links":{"self":[{"href":"https:\/\/banquyenshop.com\/index.php?rest_route=\/wp\/v2\/product\/3199"}],"collection":[{"href":"https:\/\/banquyenshop.com\/index.php?rest_route=\/wp\/v2\/product"}],"about":[{"href":"https:\/\/banquyenshop.com\/index.php?rest_route=\/wp\/v2\/types\/product"}],"replies":[{"embeddable":true,"href":"https:\/\/banquyenshop.com\/index.php?rest_route=%2Fwp%2Fv2%2Fcomments&post=3199"}],"wp:featuredmedia":[{"embeddable":true,"href":"https:\/\/banquyenshop.com\/index.php?rest_route=\/wp\/v2\/media\/3483"}],"wp:attachment":[{"href":"https:\/\/banquyenshop.com\/index.php?rest_route=%2Fwp%2Fv2%2Fmedia&parent=3199"}],"wp:term":[{"taxonomy":"product_cat","embeddable":true,"href":"https:\/\/banquyenshop.com\/index.php?rest_route=%2Fwp%2Fv2%2Fproduct_cat&post=3199"},{"taxonomy":"product_tag","embeddable":true,"href":"https:\/\/banquyenshop.com\/index.php?rest_route=%2Fwp%2Fv2%2Fproduct_tag&post=3199"}],"curies":[{"name":"wp","href":"https:\/\/api.w.org\/{rel}","templated":true}]}}