{"id":3198,"date":"2024-06-19T15:14:20","date_gmt":"2024-06-19T15:14:20","guid":{"rendered":"https:\/\/banquyenshop.com\/?post_type=product&#038;p=3198"},"modified":"2025-08-02T11:42:59","modified_gmt":"2025-08-02T11:42:59","slug":"office-home-business-2019-english-apac-em","status":"publish","type":"product","link":"https:\/\/banquyenshop.com\/?product=office-home-business-2019-english-apac-em","title":{"rendered":"Office Home &#038; Business 2019 English APAC EM"},"content":{"rendered":"<p>Office Home &amp; Business 2019 English APAC EM l\u00e0 m\u1ed9t b\u1ed9 ph\u1ea7n m\u1ec1m v\u0103n ph\u00f2ng c\u1ee7a Microsoft d\u00e0nh cho ng\u01b0\u1eddi d\u00f9ng c\u00e1 nh\u00e2n v\u00e0 doanh nghi\u1ec7p nh\u1ecf trong khu v\u1ef1c APAC (Ch\u00e2u \u00c1 &#8211; Th\u00e1i B\u00ecnh D\u01b0\u01a1ng).<\/p>\n<h6><strong>L\u01b0u \u00fd<\/strong><\/h6>\n<ul>\n<li>G\u00f3i mua m\u1ed9t l\u1ea7n cho 1 PC ho\u1eb7c m\u00e1y Mac<\/li>\n<li>C\u00e1c phi\u00ean b\u1ea3n 2019 c\u1ed5 \u0111i\u1ec3n c\u1ee7a Word, Excel, PowerPoint v\u00e0 Outlook<\/li>\n<\/ul>\n<h6><strong>B\u1ea3o h\u00e0nh:<\/strong><\/h6>\n<ul>\n<li>S\u1ea3n ph\u1ea9m \u0111\u01b0\u1ee3c b\u1ea3o h\u00e0nh ch\u00ednh h\u00e3ng b\u1edfi Microsoft.<\/li>\n<\/ul>\n<h6>T\u00ednh n\u0103ng ch\u00ednh<\/h6>\n<ul>\n<li>\u1ee8ng d\u1ee5ng Bao g\u1ed3m: Microsoft Word, Excel, PowerPoint, Outlook, v\u00e0 OneNote.<\/li>\n<li>B\u1ea3n Quy\u1ec1n V\u0129nh Vi\u1ec5n: M\u1ed9t l\u1ea7n mua, s\u1eed d\u1ee5ng tr\u1ecdn \u0111\u1eddi tr\u00ean m\u1ed9t m\u00e1y t\u00ednh (Windows ho\u1eb7c Mac).<\/li>\n<li>Ng\u00f4n ng\u1eef: Phi\u00ean b\u1ea3n ti\u1ebfng Anh.<\/li>\n<li>APAC EM: \u0110\u01b0\u1ee3c thi\u1ebft k\u1ebf v\u00e0 ph\u00e2n ph\u1ed1i d\u00e0nh ri\u00eang cho th\u1ecb tr\u01b0\u1eddng APAC (Ch\u00e2u \u00c1 &#8211; Th\u00e1i B\u00ecnh D\u01b0\u01a1ng).<\/li>\n<\/ul>\n<h6><strong>\u01afu \u0111i\u1ec3m<\/strong><\/h6>\n<ul>\n<li>Hi\u1ec7u su\u1ea5t v\u00e0 N\u0103ng su\u1ea5t Cao: Cung c\u1ea5p c\u00e1c c\u00f4ng c\u1ee5 m\u1ea1nh m\u1ebd cho so\u1ea1n th\u1ea3o v\u0103n b\u1ea3n, t\u1ea1o b\u1ea3ng t\u00ednh, tr\u00ecnh b\u00e0y, v\u00e0 qu\u1ea3n l\u00fd email.<\/li>\n<li>D\u1ec5 S\u1eed D\u1ee5ng: Giao di\u1ec7n th\u00e2n thi\u1ec7n v\u00e0 quen thu\u1ed9c, d\u1ec5 ti\u1ebfp c\u1eadn cho ng\u01b0\u1eddi d\u00f9ng m\u1edbi v\u00e0 hi\u1ec7n t\u1ea1i.<\/li>\n<li>T\u00edch h\u1ee3p Ho\u00e0n H\u1ea3o: D\u1ec5 d\u00e0ng t\u00edch h\u1ee3p v\u00e0 l\u00e0m vi\u1ec7c li\u1ec1n m\u1ea1ch v\u1edbi c\u00e1c d\u1ecbch v\u1ee5 v\u00e0 \u1ee9ng d\u1ee5ng kh\u00e1c c\u1ee7a Microsoft.<\/li>\n<\/ul>\n<h6><strong>C\u1ea5u h\u00ecnh<\/strong><\/h6>\n<ul>\n<li>B\u1ed9 x\u1eed l\u00fd: Windows 11 ho\u1eb7c Windows 10 v\u1edbi 1,6 GHz, b\u1ed9 x\u1eed l\u00fd 2 l\u00f5i\/macOS g\u1ea7n \u0111\u00e2y<\/li>\n<li>H\u1ec7 \u0111i\u1ec1u h\u00e0nh: Windows 11 ho\u1eb7c Windows 10 cho PC; Mac OS cho Mac<\/li>\n<li>B\u1ed9 nh\u1edb: RAM 4 GB (64bit), 2 GB (32bit) cho PC; RAM 4 GB cho m\u00e1y Mac<\/li>\n<li>Dung l\u01b0\u1ee3ng \u1ed5 \u0111\u0129a c\u1ee9ng: Dung l\u01b0\u1ee3ng \u0111\u0129a tr\u1ed1ng 4 GB cho PC, 10 GB cho m\u00e1y Mac<\/li>\n<li>M\u00e0n h\u00ecnh hi\u1ec3n th\u1ecb: \u0110\u1ed9 ph\u00e2n gi\u1ea3i 1024 x 768 cho PC, 1280 x 800 cho m\u00e1y Mac<\/li>\n<li>\u0110\u1ed3 h\u1ecda: C\u1ea1c \u0111\u1ed3 h\u1ecda DirectX 10 \u0111\u1ec3 t\u0103ng t\u1ed1c ph\u1ea7n c\u1ee9ng \u0111\u1ed3 h\u1ecda cho PC<\/li>\n<\/ul>\n<p>&nbsp;<\/p>\n","protected":false},"excerpt":{"rendered":"<p>S\u1ea3n ph\u1ea9m nguy\u00ean Seal ch\u00ednh h\u00e3ng, b\u1ea3n quy\u1ec1n v\u0129nh vi\u1ec5n<\/p>\n","protected":false},"featured_media":3528,"comment_status":"open","ping_status":"closed","template":"","meta":[],"product_cat":[55],"product_tag":[130,129],"jetpack_sharing_enabled":true,"_links":{"self":[{"href":"https:\/\/banquyenshop.com\/index.php?rest_route=\/wp\/v2\/product\/3198"}],"collection":[{"href":"https:\/\/banquyenshop.com\/index.php?rest_route=\/wp\/v2\/product"}],"about":[{"href":"https:\/\/banquyenshop.com\/index.php?rest_route=\/wp\/v2\/types\/product"}],"replies":[{"embeddable":true,"href":"https:\/\/banquyenshop.com\/index.php?rest_route=%2Fwp%2Fv2%2Fcomments&post=3198"}],"wp:featuredmedia":[{"embeddable":true,"href":"https:\/\/banquyenshop.com\/index.php?rest_route=\/wp\/v2\/media\/3528"}],"wp:attachment":[{"href":"https:\/\/banquyenshop.com\/index.php?rest_route=%2Fwp%2Fv2%2Fmedia&parent=3198"}],"wp:term":[{"taxonomy":"product_cat","embeddable":true,"href":"https:\/\/banquyenshop.com\/index.php?rest_route=%2Fwp%2Fv2%2Fproduct_cat&post=3198"},{"taxonomy":"product_tag","embeddable":true,"href":"https:\/\/banquyenshop.com\/index.php?rest_route=%2Fwp%2Fv2%2Fproduct_tag&post=3198"}],"curies":[{"name":"wp","href":"https:\/\/api.w.org\/{rel}","templated":true}]}}