{"id":3195,"date":"2024-06-19T14:52:53","date_gmt":"2024-06-19T14:52:53","guid":{"rendered":"https:\/\/banquyenshop.com\/?post_type=product&#038;p=3195"},"modified":"2024-06-22T12:58:19","modified_gmt":"2024-06-22T12:58:19","slug":"kaspersky-plus-1-thiet-bi-1-nam","status":"publish","type":"product","link":"https:\/\/banquyenshop.com\/?product=kaspersky-plus-1-thiet-bi-1-nam","title":{"rendered":"Kaspersky Plus 1 n\u0103m 1 thi\u1ebft b\u1ecb"},"content":{"rendered":"<p>Kaspersky Plus cung c\u1ea5p gi\u1ea3i ph\u00e1p b\u1ea3o m\u1eadt m\u1ea1ng th\u1ebf h\u1ec7 ti\u1ebfp theo \u0111\u1ec3 b\u1ea3o v\u1ec7 b\u1ea1n tr\u01b0\u1edbc virus, m\u00e3 \u0111\u1ed9c t\u1ed1ng ti\u1ec1n v\u00e0 ph\u1ea7n m\u1ec1m \u0111\u1ed9c h\u1ea1i m\u1edbi \u2013 m\u00e0 kh\u00f4ng l\u00e0m ch\u1eadm thi\u1ebft b\u1ecb c\u1ee7a b\u1ea1n. Gi\u1ea3i ph\u00e1p n\u00e0y c\u0169ng c\u00f3 t\u00ednh n\u0103ng b\u1ea3o v\u1ec7 thanh to\u00e1n, tr\u00ecnh qu\u1ea3n l\u00fd m\u1eadt kh\u1ea9u v\u00e0 VPN kh\u00f4ng gi\u1edbi h\u1ea1n \u0111\u1ec3 \u0111\u1ea3m b\u1ea3o s\u1ef1 ri\u00eang t\u01b0 v\u00e0 an to\u00e0n cho cu\u1ed9c s\u1ed1ng s\u1ed1 c\u1ee7a b\u1ea1n.<\/p>\n<h6><strong>L\u01b0u \u00fd<\/strong><\/h6>\n<ul>\n<li>Ch\u1ec9 s\u1eed d\u1ee5ng cho t\u00e0i kho\u1ea3n Kaspersky t\u1ea1i Vi\u1ec7t Nam<\/li>\n<li>C\u1ea7n cung c\u1ea5p Email t\u00e0i kho\u1ea3n Kaspersky c\u1ee7a b\u1ea1n \u0111\u1ebfn b\u1ed9 ph\u1eadn CSKH<\/li>\n<\/ul>\n<h6><strong>H\u1ed7 tr\u1ee3 h\u1ec7 \u0111i\u1ec1u h\u00e0nh<\/strong><\/h6>\n<p>Windows<\/p>\n<h6><strong>T\u00ednh n\u0103ng v\u1ec1 quy\u1ec1n ri\u00eang t\u01b0<\/strong><\/h6>\n<ul>\n<li>Duy\u1ec7t m\u1ea1ng ri\u00eang t\u01b0 v\u00e0 kh\u00f4ng b\u1ecb gi\u00e1n \u0111o\u1ea1n: C\u00e1c c\u00f4ng c\u1ee5 ch\u1eb7n theo d\u00f5i tr\u1ef1c tuy\u1ebfn tr\u00e1i ph\u00e9p, hi\u1ec3n th\u1ecb qu\u1ea3ng c\u00e1o tr\u00e1i ph\u00e9p ho\u1eb7c b\u1ea5t k\u1ef3 ai s\u1eed d\u1ee5ng thi\u1ebft b\u1ecb ngo\u1ea1i vi c\u1ee7a b\u1ea1n.<\/li>\n<li>B\u1ea3o v\u1ec7 th\u00f4ng tin c\u00e1 nh\u00e2n &amp; thanh to\u00e1n: B\u1ea3o v\u1ec7 c\u00e1c \u1ee9ng d\u1ee5ng ng\u00e2n h\u00e0ng c\u1ee7a b\u1ea1n, x\u00e1c \u0111\u1ecbnh s\u1ef1 c\u1ed1 r\u00f2 r\u1ec9 d\u1eef li\u1ec7u v\u00e0 m\u1eadt kh\u1ea9u, v\u00e0 b\u1ea3o v\u1ec7 b\u1ea1n tr\u01b0\u1edbc ho\u1ea1t \u0111\u1ed9ng l\u1eeba \u0111\u1ea3o ti\u1ec1n \u0111i\u1ec7n t\u1eed.<\/li>\n<li>VPN nhanh &amp; kh\u00f4ng b\u1ecb gi\u1edbi h\u1ea1n: Quy\u1ec1n ri\u00eang t\u01b0 tr\u1ef1c tuy\u1ebfn to\u00e0n di\u1ec7n v\u00e0 t\u1ef1 do tr\u1ef1c tuy\u1ebfn m\u00e0 kh\u00f4ng ph\u1ea3i \u0111\u00e1nh \u0111\u1ed5i b\u1eb1ng t\u1ed1c \u0111\u1ed9<\/li>\n<\/ul>\n<h6><strong>T\u00ednh n\u0103ng v\u1ec1 hi\u1ec7u n\u0103ng<\/strong><\/h6>\n<ul>\n<li>Tri\u0300nh theo do\u0303i ti\u0300nh tra\u0323ng v\u00e0 d\u1ecdn d\u1eb9p \u00f4\u0309 c\u01b0\u0301ng: C\u00e1c c\u00f4ng c\u1ee5 gi\u00fap b\u1ea1n qu\u1ea3n l\u00fd dung l\u01b0\u1ee3ng l\u01b0u tr\u1eef c\u1ee7a thi\u1ebft b\u1ecb, th\u1ef1c hi\u1ec7n ki\u1ec3m tra t\u00ecnh tr\u1ea1ng c\u1ee7a \u1ed5 c\u1ee9ng v\u00e0 ph\u00f2ng ng\u1eeba m\u1ea5t m\u00e1t d\u1eef li\u1ec7u.<\/li>\n<li>T\u1ed1i \u01b0u h\u00f3a hi\u1ec7u n\u0103ng: C\u00e1c bi\u1ec7n ph\u00e1p nhanh ch\u00f3ng \u0111\u1ec3 t\u0103ng t\u1ed1c thi\u1ebft b\u1ecb c\u1ee7a b\u1ea1n v\u00e0 khi\u1ebfn ch\u00fang ch\u1ea1y nhanh nh\u01b0 mong \u0111\u1ee3i.<\/li>\n<li>Gi\u1ea3i tr\u00ed kh\u00f4ng b\u1ecb gi\u00e1n \u0111o\u1ea1n: Cho ph\u00e9p b\u1ea1n xem phim, ch\u01a1i tr\u00f2 ch\u01a1i ho\u1eb7c s\u1eed d\u1ee5ng c\u00e1c \u1ee9ng d\u1ee5ng to\u00e0n m\u00e0n h\u00ecnh m\u00e0 kh\u00f4ng b\u1ecb l\u00e0m phi\u1ec1n \u2013 t\u1ea5t c\u1ea3 \u0111\u1ec1u \u1edf t\u1ed1c \u0111\u1ed9 t\u1ed1i \u0111a.<\/li>\n<\/ul>\n<h6><strong>T\u00ednh n\u0103ng b\u1ea3o m\u1eadt<\/strong><\/h6>\n<ul>\n<li>Ch\u1ed1ng virus: Gi\u1ea3i ph\u00e1p b\u1ea3o v\u1ec7 nhi\u1ec1u l\u1edbp \u0111\u01b0\u1ee3c thi\u1ebft k\u1ebf \u0111\u1ec3 ng\u0103n ch\u1eb7n v\u00e0 v\u00f4 hi\u1ec7u h\u00f3a virus v\u00e0 ph\u1ea7n m\u1ec1m \u0111\u1ed9c h\u1ea1i.<\/li>\n<li>Ch\u1ed1ng tin t\u1eb7c: C\u00e1c c\u00f4ng c\u1ee5 ng\u0103n ch\u1eb7n truy c\u1eadp tr\u00e1i ph\u00e9p \u2013 ho\u1eb7c chi\u1ebfm quy\u1ec1n \u0111i\u1ec1u khi\u1ec3n \u2013 m\u00e1y t\u00ednh c\u1ee7a b\u1ea1n, bao g\u1ed3m c\u00e1c c\u00f4ng c\u1ee5 t\u01b0\u1eddng l\u1eeda v\u00e0 ch\u1ed1ng l\u1eeba \u0111\u1ea3o<\/li>\n<li>Lo\u1ea1i b\u1ecf m\u1ed1i \u0111e d\u1ecda hi\u1ec7n h\u1eefu: C\u00e1c c\u00f4ng ngh\u1ec7 ph\u00e1t hi\u1ec7n l\u1ed7 h\u1ed5ng b\u1ea3o m\u1eadt, lo\u1ea1i b\u1ecf virus v\u00e0 s\u1eeda PC c\u1ee7a b\u1ea1n n\u1ebfu \u0111\u00e3 b\u1ecb nhi\u1ec5m m\u00e3 \u0111\u1ed9c.<\/li>\n<\/ul>\n<p><!--more--><\/p>\n<p>\u0110\u1ec3 xem th\u00eam c\u00e1c t\u00ednh n\u0103ng m\u00e0 s\u1ea3n ph\u1ea9m Kaspersky Plus mang l\u1ea1i, b\u1ea1n c\u00f3 th\u1ec3 \u0111\u1ecdc th\u00f4ng tin chi ti\u1ebft t\u1ea1i <a href=\"https:\/\/www.kaspersky.com.vn\/plus\">Trang web ch\u00ednh th\u1ee9c c\u1ee7a Kaspersky Plus<\/a><\/p>\n","protected":false},"excerpt":{"rendered":"<p>N\u00e2ng c\u1ea5p ch\u00ednh ch\u1ee7 tr\u00ean t\u00e0i kho\u1ea3n c\u1ee7a b\u1ea1n<\/p>\n","protected":false},"featured_media":3508,"comment_status":"open","ping_status":"closed","template":"","meta":[],"product_cat":[27,65],"product_tag":[115],"jetpack_sharing_enabled":true,"_links":{"self":[{"href":"https:\/\/banquyenshop.com\/index.php?rest_route=\/wp\/v2\/product\/3195"}],"collection":[{"href":"https:\/\/banquyenshop.com\/index.php?rest_route=\/wp\/v2\/product"}],"about":[{"href":"https:\/\/banquyenshop.com\/index.php?rest_route=\/wp\/v2\/types\/product"}],"replies":[{"embeddable":true,"href":"https:\/\/banquyenshop.com\/index.php?rest_route=%2Fwp%2Fv2%2Fcomments&post=3195"}],"wp:featuredmedia":[{"embeddable":true,"href":"https:\/\/banquyenshop.com\/index.php?rest_route=\/wp\/v2\/media\/3508"}],"wp:attachment":[{"href":"https:\/\/banquyenshop.com\/index.php?rest_route=%2Fwp%2Fv2%2Fmedia&parent=3195"}],"wp:term":[{"taxonomy":"product_cat","embeddable":true,"href":"https:\/\/banquyenshop.com\/index.php?rest_route=%2Fwp%2Fv2%2Fproduct_cat&post=3195"},{"taxonomy":"product_tag","embeddable":true,"href":"https:\/\/banquyenshop.com\/index.php?rest_route=%2Fwp%2Fv2%2Fproduct_tag&post=3195"}],"curies":[{"name":"wp","href":"https:\/\/api.w.org\/{rel}","templated":true}]}}