{"id":2294,"date":"2024-05-06T08:04:05","date_gmt":"2024-05-06T08:04:05","guid":{"rendered":"https:\/\/klbtheme.com\/bevesi\/?page_id=2294"},"modified":"2024-06-21T09:31:52","modified_gmt":"2024-06-21T09:31:52","slug":"dieu-khoan-dich-vu","status":"publish","type":"page","link":"https:\/\/banquyenshop.com\/?page_id=2294","title":{"rendered":"\u0110i\u1ec1u kho\u1ea3n d\u1ecbch v\u1ee5"},"content":{"rendered":"\t\t<div data-elementor-type=\"wp-page\" data-elementor-id=\"2294\" class=\"elementor elementor-2294\">\n\t\t\t\t<div class=\"elementor-element elementor-element-97e40ab e-flex e-con-boxed e-con e-parent\" data-id=\"97e40ab\" data-element_type=\"container\">\n\t\t\t\t\t<div class=\"e-con-inner\">\n\t\t<div class=\"elementor-element elementor-element-8f3e7a3 e-con-full e-flex e-con e-child\" data-id=\"8f3e7a3\" data-element_type=\"container\">\n\t\t\t\t<div class=\"elementor-element elementor-element-9affa7e elementor-widget elementor-widget-text-editor\" data-id=\"9affa7e\" data-element_type=\"widget\" data-widget_type=\"text-editor.default\">\n\t\t\t\t<div class=\"elementor-widget-container\">\n\t\t\t<style>\/*! elementor - v3.22.0 - 17-06-2024 *\/\n.elementor-widget-text-editor.elementor-drop-cap-view-stacked .elementor-drop-cap{background-color:#69727d;color:#fff}.elementor-widget-text-editor.elementor-drop-cap-view-framed .elementor-drop-cap{color:#69727d;border:3px solid;background-color:transparent}.elementor-widget-text-editor:not(.elementor-drop-cap-view-default) .elementor-drop-cap{margin-top:8px}.elementor-widget-text-editor:not(.elementor-drop-cap-view-default) .elementor-drop-cap-letter{width:1em;height:1em}.elementor-widget-text-editor .elementor-drop-cap{float:left;text-align:center;line-height:1;font-size:50px}.elementor-widget-text-editor .elementor-drop-cap-letter{display:inline-block}<\/style>\t\t\t\t<p><span style=\"background-color: var(--color-white); color: var(--color-black); font-size: var(--site-body-font-size); font-weight: var(--site-body-font-weight); letter-spacing: var(--site-body-letter-spacing); text-align: var(--text-align);\">Ch\u00e0o m\u1eebng qu\u00fd kh\u00e1ch \u0111\u1ebfn v\u1edbi Bqshop! Ch\u00fang t\u00f4i r\u1ea5t h\u00e2n h\u1ea1nh \u0111\u01b0\u1ee3c ph\u1ee5c v\u1ee5 qu\u00fd kh\u00e1ch. \u0110\u1ec3 \u0111\u1ea3m b\u1ea3o quy\u1ec1n l\u1ee3i v\u00e0 ngh\u0129a v\u1ee5 c\u1ee7a c\u1ea3 hai b\u00ean, ch\u00fang t\u00f4i \u0111\u1ec1 ngh\u1ecb qu\u00fd kh\u00e1ch vui l\u00f2ng \u0111\u1ecdc k\u1ef9 c\u00e1c \u0111i\u1ec1u kho\u1ea3n d\u1ecbch v\u1ee5 d\u01b0\u1edbi \u0111\u00e2y:<\/span><\/p>\n<p>\u00a0<\/p>\n<p><!-- \/wp:paragraph --><\/p>\n<p><!-- wp:paragraph --><\/p>\n<h5><strong>1. Gi\u1edbi thi\u1ec7u\u00a0<\/strong><\/h5>\n<p><!-- \/wp:paragraph --><\/p>\n<p><!-- wp:paragraph --><\/p>\n<p>Ch\u00e0o m\u1eebng qu\u00fd kh\u00e1ch h\u00e0ng \u0111\u1ebfn v\u1edbi <b>banquyenshop.com<\/b><\/p>\n<p>Ch\u00fang t\u00f4i l\u00e0 B\u1ea3n Quy\u1ec1n Shop &#8211; Website b\u00e1n ph\u1ea7n m\u1ec1m b\u1ea3n quy\u1ec1n ch\u00ednh h\u00e3ng, ph\u00e2n ph\u1ed1i t\u1ea1i Vi\u1ec7t Nam.<\/p>\n<p>Trang ch\u1ee7: banquyenshop.com<\/p>\n<p>\u00a0<\/p>\n<h5 style=\"font-weight: var(--site-heading-font-weight); color: #000000; font-family: var(--site-heading-font); letter-spacing: var(--site-heading-letter-spacing);\"><strong>2. Ch\u1ea5p nh\u1eadn \u0110i\u1ec1u kho\u1ea3n<\/strong><\/h5>\n<p>Khi qu\u00fd kh\u00e1ch h\u00e0ng truy c\u1eadp v\u00e0 s\u1eed d\u1ee5ng d\u1ecbch v\u1ee5 tr\u00ean trang website c\u1ee7a ch\u00fang t\u00f4i \u0111\u1ed3ng ngh\u0129a qu\u00fd kh\u00e1ch \u0111\u1ed3ng \u00fd v\u1edbi c\u00e1c \u0111i\u1ec1u kho\u1ea3n n\u00e0y. Trang web c\u00f3 quy\u1ec1n thay \u0111\u1ed5i, ch\u1ec9nh s\u1eeda, th\u00eam ho\u1eb7c l\u01b0\u1ee3c b\u1ecf b\u1ea5t k\u1ef3 ph\u1ea7n n\u00e0o trong \u0110i\u1ec1u kho\u1ea3n mua b\u00e1n n\u00e0y, v\u00e0o b\u1ea5t c\u1ee9 l\u00fac n\u00e0o. C\u00e1c thay \u0111\u1ed5i c\u00f3 hi\u1ec7u l\u1ef1c ngay khi \u0111\u01b0\u1ee3c \u0111\u0103ng tr\u00ean trang web m\u00e0 kh\u00f4ng c\u1ea7n th\u00f4ng b\u00e1o tr\u01b0\u1edbc. V\u00e0 khi qu\u00fd kh\u00e1ch ti\u1ebfp t\u1ee5c s\u1eed d\u1ee5ng trang web, sau khi c\u00e1c thay \u0111\u1ed5i v\u1ec1 \u0110i\u1ec1u kho\u1ea3n n\u00e0y \u0111\u01b0\u1ee3c \u0111\u0103ng t\u1ea3i, c\u00f3 ngh\u0129a l\u00e0 qu\u00fd kh\u00e1ch ch\u1ea5p nh\u1eadn v\u1edbi nh\u1eefng thay \u0111\u1ed5i \u0111\u00f3.<\/p>\n<p>Mong qu\u00fd kh\u00e1ch h\u00e0ng vui l\u00f2ng ki\u1ec3m tra th\u01b0\u1eddng xuy\u00ean \u0111\u1ec3 c\u1eadp nh\u1eadt nh\u1eefng thay \u0111\u1ed5i c\u1ee7a ch\u00fang t\u00f4i.\u00a0<\/p>\n<p>\u00a0<\/p>\n<p><!-- \/wp:list --><\/p>\n<p><!-- wp:paragraph --><\/p>\n<h5><strong>3. M\u00f4 t\u1ea3 d\u1ecbch v\u1ee5<\/strong><\/h5>\n<p><!-- \/wp:paragraph --><\/p>\n<p><!-- wp:paragraph --><\/p>\n<p>B\u1ea3n Quy\u1ec1n Shop cung c\u1ea5p d\u1ecbch v\u1ee5 b\u00e1n l\u1ebb ph\u1ea7n m\u1ec1m b\u1ea3n quy\u1ec1n v\u00e0 c\u00e1c s\u1ea3n ph\u1ea9m li\u00ean quan (sau \u0111\u00e2y g\u1ecdi l\u00e0 &#8220;S\u1ea3n Ph\u1ea9m&#8221;). Ch\u00fang t\u00f4i ph\u00e2n ph\u1ed1i c\u00e1c s\u1ea3n ph\u1ea9m ph\u1ea7n m\u1ec1m t\u1eeb c\u00e1c nh\u00e0 cung c\u1ea5p uy t\u00edn v\u00e0 \u0111\u1ea3m b\u1ea3o t\u00ednh h\u1ee3p ph\u00e1p c\u1ee7a s\u1ea3n ph\u1ea9m.<\/p>\n<p>\u00a0<\/p>\n<h5><strong>4. \u0110\u1eb7t H\u00e0ng v\u00e0 Thanh To\u00e1n<\/strong><\/h5>\n<div>\n<div>\n<ul>\n<li>\u0110\u1eb7t H\u00e0ng: Qu\u00fd kh\u00e1ch c\u00f3 th\u1ec3 \u0111\u1eb7t h\u00e0ng tr\u1ef1c tuy\u1ebfn th\u00f4ng qua Trang Web. Sau khi \u0111\u1eb7t h\u00e0ng, qu\u00fd kh\u00e1ch s\u1ebd nh\u1eadn \u0111\u01b0\u1ee3c email x\u00e1c nh\u1eadn chi ti\u1ebft \u0111\u01a1n h\u00e0ng.<\/li>\n<li>Thanh To\u00e1n: Ch\u00fang t\u00f4i ch\u1ea5p nh\u1eadn c\u00e1c ph\u01b0\u01a1ng th\u1ee9c thanh to\u00e1n ph\u1ed5 bi\u1ebfn, bao g\u1ed3m chuy\u1ec3n kho\u1ea3n ng\u00e2n h\u00e0ng v\u00e0 th\u1ebb t\u00edn d\u1ee5ng. Qu\u00fd kh\u00e1ch c\u00f3 tr\u00e1ch nhi\u1ec7m cung c\u1ea5p th\u00f4ng tin thanh to\u00e1n ch\u00ednh x\u00e1c v\u00e0 \u0111\u1ea7y \u0111\u1ee7.<\/li>\n<\/ul>\n<\/div>\n<\/div>\n<p><!-- \/wp:paragraph --><\/p>\n<p><!-- wp:paragraph --><\/p>\n<h2>\u00a0<\/h2>\n<h5><strong>5.\u00a0 \u0110\u1ea3m b\u1ea3o an to\u00e0n giao d\u1ecbch t\u1ea1i Bqshop<\/strong><\/h5>\n<p><!-- \/wp:paragraph --><\/p>\n<p><!-- wp:paragraph --><\/p>\n<p>Ch\u00fang t\u00f4i cam k\u1ebft b\u1ea3o m\u1eadt th\u00f4ng tin c\u00e1 nh\u00e2n c\u1ee7a qu\u00fd kh\u00e1ch. Th\u00f4ng tin c\u1ee7a qu\u00fd kh\u00e1ch s\u1ebd kh\u00f4ng \u0111\u01b0\u1ee3c chia s\u1ebb v\u1edbi b\u00ean th\u1ee9 ba m\u00e0 kh\u00f4ng c\u00f3 s\u1ef1 \u0111\u1ed3ng \u00fd c\u1ee7a qu\u00fd kh\u00e1ch, tr\u1eeb khi ph\u00e1p lu\u1eadt y\u00eau c\u1ea7u.<\/p>\n<p><!-- \/wp:paragraph --><\/p>\n<p><!-- wp:paragraph --><\/p>\n<h2>\u00a0<\/h2>\n<h5><strong>6.\u00a0Quy \u0111\u1ecbnh v\u1ec1 b\u1ea3o m\u1eadt<\/strong><\/h5>\n<p><!-- \/wp:paragraph --><\/p>\n<p><!-- wp:paragraph --><\/p>\n<p>Trang web c\u1ee7a ch\u00fang t\u00f4i coi tr\u1ecdng vi\u1ec7c b\u1ea3o m\u1eadt th\u00f4ng tin v\u00e0 s\u1eed d\u1ee5ng c\u00e1c bi\u1ec7n ph\u00e1p t\u1ed1t nh\u1ea5t b\u1ea3o v\u1ec7 th\u00f4ng tin v\u00e0 vi\u1ec7c thanh to\u00e1n c\u1ee7a qu\u00fd kh\u00e1ch. Th\u00f4ng tin c\u1ee7a qu\u00fd kh\u00e1ch trong qu\u00e1 tr\u00ecnh thanh to\u00e1n s\u1ebd \u0111\u01b0\u1ee3c m\u00e3 h\u00f3a \u0111\u1ec3 \u0111\u1ea3m b\u1ea3o an to\u00e0n. Sau khi qu\u00fd kh\u00e1ch ho\u00e0n th\u00e0nh qu\u00e1 tr\u00ecnh \u0111\u1eb7t h\u00e0ng, qu\u00fd kh\u00e1ch s\u1ebd tho\u00e1t kh\u1ecfi ch\u1ebf \u0111\u1ed9 an to\u00e0n.<\/p>\n<p>Qu\u00fd kh\u00e1ch kh\u00f4ng \u0111\u01b0\u1ee3c s\u1eed d\u1ee5ng b\u1ea5t k\u1ef3 ch\u01b0\u01a1ng tr\u00ecnh, c\u00f4ng c\u1ee5 hay h\u00ecnh th\u1ee9c n\u00e0o kh\u00e1c \u0111\u1ec3 can thi\u1ec7p v\u00e0o h\u1ec7 th\u1ed1ng hay l\u00e0m thay \u0111\u1ed5i c\u1ea5u tr\u00fac d\u1eef li\u1ec7u. Trang web c\u0169ng nghi\u00eam c\u1ea5m vi\u1ec7c ph\u00e1t t\u00e1n, truy\u1ec1n b\u00e1 hay c\u1ed5 v\u0169 cho b\u1ea5t k\u1ef3 ho\u1ea1t \u0111\u1ed9ng n\u00e0o nh\u1eb1m can thi\u1ec7p, ph\u00e1 ho\u1ea1i hay x\u00e2m nh\u1eadp v\u00e0o d\u1eef li\u1ec7u c\u1ee7a h\u1ec7 th\u1ed1ng. C\u00e1 nh\u00e2n hay t\u1ed5 ch\u1ee9c vi ph\u1ea1m s\u1ebd b\u1ecb t\u01b0\u1edbc b\u1ecf m\u1ecdi quy\u1ec1n l\u1ee3i c\u0169ng nh\u01b0 s\u1ebd b\u1ecb truy t\u1ed1 tr\u01b0\u1edbc ph\u00e1p lu\u1eadt n\u1ebfu c\u1ea7n thi\u1ebft.<\/p>\n<p>M\u1ecdi th\u00f4ng tin giao d\u1ecbch s\u1ebd \u0111\u01b0\u1ee3c b\u1ea3o m\u1eadt ngo\u1ea1i tr\u1eeb trong tr\u01b0\u1eddng h\u1ee3p c\u01a1 quan ph\u00e1p lu\u1eadt y\u00eau c\u1ea7u.<\/p>\n<p><!-- \/wp:paragraph --><\/p>\n<p><!-- wp:paragraph --><\/p>\n<h5><strong>7.\u00a0Quy\u1ec1n ph\u00e1p l\u00fd<\/strong><\/h5>\n<p><!-- \/wp:paragraph --><\/p>\n<p><!-- wp:paragraph --><\/p>\n<p>C\u00e1c \u0111i\u1ec1u ki\u1ec7n, \u0111i\u1ec1u kho\u1ea3n v\u00e0 n\u1ed9i dung c\u1ee7a trang web n\u00e0y \u0111\u01b0\u1ee3c \u0111i\u1ec1u ch\u1ec9nh t\u1eeb lu\u1eadt ph\u00e1p Vi\u1ec7t Nam v\u00e0 T\u00f2a \u00e1n c\u00f3 th\u1ea9m quy\u1ec1n t\u1ea1i Vi\u1ec7t Nam s\u1ebd gi\u1ea3i quy\u1ebft b\u1ea5t k\u1ef3 tranh ch\u1ea5p n\u00e0o ph\u00e1t sinh t\u1eeb vi\u1ec7c s\u1eed d\u1ee5ng tr\u00e1i ph\u00e9p trang web n\u00e0y.<\/p>\n<p>\u00a0<\/p>\n<h5 style=\"font-weight: var(--site-heading-font-weight); color: #000000; font-family: var(--site-heading-font); letter-spacing: var(--site-heading-letter-spacing);\"><strong>8.\u00a0Gi\u1edbi H\u1ea1n Tr\u00e1ch Nhi\u1ec7m<\/strong><\/h5>\n<p>Bqshop kh\u00f4ng ch\u1ecbu tr\u00e1ch nhi\u1ec7m cho b\u1ea5t k\u1ef3 thi\u1ec7t h\u1ea1i n\u00e0o ph\u00e1t sinh t\u1eeb vi\u1ec7c s\u1eed d\u1ee5ng ho\u1eb7c kh\u00f4ng th\u1ec3 s\u1eed d\u1ee5ng Trang Web ho\u1eb7c d\u1ecbch v\u1ee5 c\u1ee7a ch\u00fang t\u00f4i, bao g\u1ed3m nh\u01b0ng kh\u00f4ng gi\u1edbi h\u1ea1n \u1edf thi\u1ec7t h\u1ea1i tr\u1ef1c ti\u1ebfp, gi\u00e1n ti\u1ebfp, ng\u1eabu nhi\u00ean, \u0111\u1eb7c bi\u1ec7t ho\u1eb7c h\u1eadu qu\u1ea3.<\/p>\n<p>\u00a0<\/p>\n<h5 style=\"font-weight: var(--site-heading-font-weight); color: #000000; font-family: var(--site-heading-font); letter-spacing: var(--site-heading-letter-spacing);\"><strong>9.\u00a0Ng\u1eebng cung c\u1ea5p d\u1ecbch v\u1ee5<\/strong><\/h5>\n<div>\n<div>Bqshop s\u1ebd ng\u1eebng cung c\u1ea5p d\u1ecbch v\u1ee5 \u0111\u1ed1i v\u1edbi nh\u1eefng tr\u01b0\u1eddng h\u1ee3p sau:<\/div>\n<div>\u00a0<\/div>\n<div>\n<ul>\n<li>Kh\u00e1ch h\u00e0ng c\u1ed1 t\u00ecnh cung c\u1ea5p sai th\u00f4ng tin, sai s\u1ef1 th\u1eadt, gi\u1ea3 m\u1ea1o th\u00f4ng tin.<\/li>\n<li>Kh\u00e1ch h\u00e0ng c\u00f3 h\u00e0nh vi tr\u1ee5c l\u1ee3i, gian l\u1eadn t\u1eeb h\u1ec7 th\u1ed1ng.<\/li>\n<li>Kh\u00e1ch h\u00e0ng c\u1ed1 t\u00ecnh g\u00e2y kh\u00f3 kh\u0103n trong qu\u00e1 tr\u00ecnh trao \u0111\u1ed5i mua b\u00e1n.<\/li>\n<li>Kh\u00e1ch h\u00e0ng s\u1eed d\u1ee5ng ng\u00f4n t\u1eeb kh\u00f4ng \u0111\u00fang m\u1ef1c, thi\u1ebfu s\u1ef1 t\u00f4n tr\u1ecdng, th\u00f4 t\u1ee5c, x\u00fac ph\u1ea1m, c\u00e1c t\u1eeb d\u1ec5 g\u00e2y th\u00f9 h\u1eb1n ho\u1eb7c xung \u0111\u1ed9t.<\/li>\n<li>Kh\u00e1ch h\u00e0ng spam n\u1ed9i dung kh\u00f4ng li\u00ean quan \u0111\u1ebfn d\u1ecbch v\u1ee5 ch\u00fang t\u00f4i cung c\u1ea5p.<\/li>\n<\/ul>\n<\/div>\n<\/div>\t\t\t\t\t\t<\/div>\n\t\t\t\t<\/div>\n\t\t\t\t<\/div>\n\t\t\t\t\t<\/div>\n\t\t\t\t<\/div>\n\t\t<div class=\"elementor-element elementor-element-a4a4300 e-flex e-con-boxed e-con e-parent\" data-id=\"a4a4300\" data-element_type=\"container\">\n\t\t\t\t\t<div class=\"e-con-inner\">\n\t\t\t\t<div class=\"elementor-element elementor-element-8982467 elementor-widget elementor-widget-bevesi-client-carousel\" data-id=\"8982467\" data-element_type=\"widget\" data-widget_type=\"bevesi-client-carousel.default\">\n\t\t\t\t<div class=\"elementor-widget-container\">\n\t\t\t<div class=\"site-slider-wrapper\"><div class=\"site-slider carousel-style loader-default arrows-style-rounded arrows-white products\" data-items=\"6\" data-itemslaptop=\"6\" data-itemstablet=\"4\" data-itemsmobile=\"4\" data-itemsmobilexs=\"2\" data-slidescroll=\"1\" data-speed=\"700\" data-arrows=\"false\" data-arrowslaptop=\"false\" data-arrowstablet=\"false\" data-arrowsmobile=\"false\" data-dots=\"false\" data-dotslaptop=\"false\" data-dotstablet=\"false\" data-dotsmobile=\"false\" data-infinite=\"false\" data-centermode=\"false\" data-autoplay=\"false\" data-autospeed=\"\"><div class=\"slider-item\"><div class=\"site-logo-item\"><a href=\"\" ><img decoding=\"async\" src=\"https:\/\/banquyenshop.com\/wp-content\/uploads\/2024\/06\/bqs-logo-black.svg\" alt=\"\"><\/a><\/div><!-- site-logo-item --><\/div><!-- slider-item --><div class=\"slider-item\"><div class=\"site-logo-item\"><a href=\"\" ><img decoding=\"async\" src=\"https:\/\/banquyenshop.com\/wp-content\/uploads\/2024\/06\/bqs-logo-black.svg\" alt=\"\"><\/a><\/div><!-- site-logo-item --><\/div><!-- slider-item --><div class=\"slider-item\"><div class=\"site-logo-item\"><a href=\"\" ><img decoding=\"async\" src=\"https:\/\/banquyenshop.com\/wp-content\/uploads\/2024\/06\/bqs-logo-black.svg\" alt=\"\"><\/a><\/div><!-- site-logo-item --><\/div><!-- slider-item --><div class=\"slider-item\"><div class=\"site-logo-item\"><a href=\"\" ><img decoding=\"async\" src=\"https:\/\/banquyenshop.com\/wp-content\/uploads\/2024\/06\/bqs-logo-black.svg\" alt=\"\"><\/a><\/div><!-- site-logo-item --><\/div><!-- slider-item --><div class=\"slider-item\"><div class=\"site-logo-item\"><a href=\"\" ><img decoding=\"async\" src=\"https:\/\/banquyenshop.com\/wp-content\/uploads\/2024\/06\/bqs-logo-black.svg\" alt=\"\"><\/a><\/div><!-- site-logo-item --><\/div><!-- slider-item --><div class=\"slider-item\"><div class=\"site-logo-item\"><a href=\"\" ><img decoding=\"async\" src=\"https:\/\/banquyenshop.com\/wp-content\/uploads\/2024\/06\/bqs-logo-black.svg\" alt=\"\"><\/a><\/div><!-- site-logo-item --><\/div><!-- slider-item --><div class=\"slider-item\"><div class=\"site-logo-item\"><a href=\"\" ><img decoding=\"async\" src=\"https:\/\/banquyenshop.com\/wp-content\/uploads\/2024\/06\/bqs-logo-black.svg\" alt=\"\"><\/a><\/div><!-- site-logo-item --><\/div><!-- slider-item --><div class=\"slider-item\"><div class=\"site-logo-item\"><a href=\"\" ><img decoding=\"async\" src=\"https:\/\/banquyenshop.com\/wp-content\/uploads\/2024\/06\/bqs-logo-black.svg\" alt=\"\"><\/a><\/div><!-- site-logo-item --><\/div><!-- slider-item --><div class=\"slider-item\"><div class=\"site-logo-item\"><a href=\"\" ><img decoding=\"async\" src=\"https:\/\/banquyenshop.com\/wp-content\/uploads\/2024\/06\/bqs-logo-black.svg\" alt=\"\"><\/a><\/div><!-- site-logo-item --><\/div><!-- slider-item --><div class=\"slider-item\"><div class=\"site-logo-item\"><a href=\"\" ><img decoding=\"async\" src=\"https:\/\/banquyenshop.com\/wp-content\/plugins\/bevesi-core\/elementor\/images\/logo-01.png\" alt=\"\"><\/a><\/div><!-- site-logo-item --><\/div><!-- slider-item --><div class=\"slider-item\"><div class=\"site-logo-item\"><a href=\"\" ><img decoding=\"async\" src=\"https:\/\/banquyenshop.com\/wp-content\/plugins\/bevesi-core\/elementor\/images\/logo-01.png\" alt=\"\"><\/a><\/div><!-- site-logo-item --><\/div><!-- slider-item --><div class=\"slider-item\"><div class=\"site-logo-item\"><a href=\"\" ><img decoding=\"async\" src=\"https:\/\/banquyenshop.com\/wp-content\/plugins\/bevesi-core\/elementor\/images\/logo-01.png\" alt=\"\"><\/a><\/div><!-- site-logo-item --><\/div><!-- slider-item --><div class=\"slider-item\"><div class=\"site-logo-item\"><a href=\"\" ><img decoding=\"async\" src=\"https:\/\/banquyenshop.com\/wp-content\/plugins\/bevesi-core\/elementor\/images\/logo-01.png\" alt=\"\"><\/a><\/div><!-- site-logo-item --><\/div><!-- slider-item --><div class=\"slider-item\"><div class=\"site-logo-item\"><a href=\"\" ><img decoding=\"async\" src=\"https:\/\/banquyenshop.com\/wp-content\/plugins\/bevesi-core\/elementor\/images\/logo-01.png\" alt=\"\"><\/a><\/div><!-- site-logo-item --><\/div><!-- slider-item --><div class=\"slider-item\"><div class=\"site-logo-item\"><a href=\"\" ><img decoding=\"async\" src=\"https:\/\/banquyenshop.com\/wp-content\/plugins\/bevesi-core\/elementor\/images\/logo-01.png\" alt=\"\"><\/a><\/div><!-- site-logo-item --><\/div><!-- slider-item --><div class=\"slider-item\"><div class=\"site-logo-item\"><a href=\"\" ><img decoding=\"async\" src=\"https:\/\/banquyenshop.com\/wp-content\/plugins\/bevesi-core\/elementor\/images\/logo-01.png\" alt=\"\"><\/a><\/div><!-- site-logo-item --><\/div><!-- slider-item --><div class=\"slider-item\"><div class=\"site-logo-item\"><a href=\"\" ><img decoding=\"async\" src=\"https:\/\/banquyenshop.com\/wp-content\/plugins\/bevesi-core\/elementor\/images\/logo-01.png\" alt=\"\"><\/a><\/div><!-- site-logo-item --><\/div><!-- slider-item --><\/div><!-- site-slider --><\/div><!-- site-slider-wrapper -->\t\t<\/div>\n\t\t\t\t<\/div>\n\t\t\t\t\t<\/div>\n\t\t\t\t<\/div>\n\t\t\t\t<\/div>\n\t\t","protected":false},"excerpt":{"rendered":"<p>Ch\u00e0o m\u1eebng qu\u00fd kh\u00e1ch \u0111\u1ebfn v\u1edbi Bqshop! Ch\u00fang t\u00f4i r\u1ea5t h\u00e2n h\u1ea1nh \u0111\u01b0\u1ee3c ph\u1ee5c v\u1ee5 qu\u00fd kh\u00e1ch. \u0110\u1ec3 \u0111\u1ea3m b\u1ea3o quy\u1ec1n l\u1ee3i v\u00e0 ngh\u0129a v\u1ee5 c\u1ee7a c\u1ea3 hai b\u00ean, ch\u00fang t\u00f4i \u0111\u1ec1 ngh\u1ecb qu\u00fd kh\u00e1ch vui l\u00f2ng \u0111\u1ecdc k\u1ef9 c\u00e1c \u0111i\u1ec1u kho\u1ea3n d\u1ecbch v\u1ee5 d\u01b0\u1edbi \u0111\u00e2y: \u00a0 1. Gi\u1edbi thi\u1ec7u\u00a0 Ch\u00e0o m\u1eebng qu\u00fd kh\u00e1ch h\u00e0ng<\/p>\n<div class=\"klb-readmore post-buttons\"><a class=\"button black outline rounded-style size-sm\" href=\"https:\/\/banquyenshop.com\/?page_id=2294\">Xem ti\u1ebfp <i class=\"klbth-icon-right-arrow\"><\/i><\/a><\/div>\n","protected":false},"author":4,"featured_media":0,"parent":0,"menu_order":0,"comment_status":"closed","ping_status":"closed","template":"","meta":{"footnotes":""},"jetpack_sharing_enabled":true,"_links":{"self":[{"href":"https:\/\/banquyenshop.com\/index.php?rest_route=\/wp\/v2\/pages\/2294"}],"collection":[{"href":"https:\/\/banquyenshop.com\/index.php?rest_route=\/wp\/v2\/pages"}],"about":[{"href":"https:\/\/banquyenshop.com\/index.php?rest_route=\/wp\/v2\/types\/page"}],"author":[{"embeddable":true,"href":"https:\/\/banquyenshop.com\/index.php?rest_route=\/wp\/v2\/users\/4"}],"replies":[{"embeddable":true,"href":"https:\/\/banquyenshop.com\/index.php?rest_route=%2Fwp%2Fv2%2Fcomments&post=2294"}],"version-history":[{"count":31,"href":"https:\/\/banquyenshop.com\/index.php?rest_route=\/wp\/v2\/pages\/2294\/revisions"}],"predecessor-version":[{"id":3456,"href":"https:\/\/banquyenshop.com\/index.php?rest_route=\/wp\/v2\/pages\/2294\/revisions\/3456"}],"wp:attachment":[{"href":"https:\/\/banquyenshop.com\/index.php?rest_route=%2Fwp%2Fv2%2Fmedia&parent=2294"}],"curies":[{"name":"wp","href":"https:\/\/api.w.org\/{rel}","templated":true}]}}