{"id":2280,"date":"2024-05-06T07:55:53","date_gmt":"2024-05-06T07:55:53","guid":{"rendered":"https:\/\/klbtheme.com\/bevesi\/?page_id=2280"},"modified":"2024-06-20T17:19:49","modified_gmt":"2024-06-20T17:19:49","slug":"chinh-sach-bao-hanh-hoan-tien","status":"publish","type":"page","link":"https:\/\/banquyenshop.com\/?page_id=2280","title":{"rendered":"Ch\u00ednh s\u00e1ch b\u1ea3o h\u00e0nh, ho\u00e0n ti\u1ec1n"},"content":{"rendered":"\t\t<div data-elementor-type=\"wp-page\" data-elementor-id=\"2280\" class=\"elementor elementor-2280\">\n\t\t\t\t<div class=\"elementor-element elementor-element-451a2f0 e-flex e-con-boxed e-con e-parent\" data-id=\"451a2f0\" data-element_type=\"container\">\n\t\t\t\t\t<div class=\"e-con-inner\">\n\t\t<div class=\"elementor-element elementor-element-69954d6 e-con-full e-flex e-con e-child\" data-id=\"69954d6\" data-element_type=\"container\">\n\t\t\t\t<div class=\"elementor-element elementor-element-cb7e0f3 elementor-widget elementor-widget-heading\" data-id=\"cb7e0f3\" data-element_type=\"widget\" data-widget_type=\"heading.default\">\n\t\t\t\t<div class=\"elementor-widget-container\">\n\t\t\t<style>\/*! elementor - v3.22.0 - 17-06-2024 *\/\n.elementor-heading-title{padding:0;margin:0;line-height:1}.elementor-widget-heading .elementor-heading-title[class*=elementor-size-]>a{color:inherit;font-size:inherit;line-height:inherit}.elementor-widget-heading .elementor-heading-title.elementor-size-small{font-size:15px}.elementor-widget-heading .elementor-heading-title.elementor-size-medium{font-size:19px}.elementor-widget-heading .elementor-heading-title.elementor-size-large{font-size:29px}.elementor-widget-heading .elementor-heading-title.elementor-size-xl{font-size:39px}.elementor-widget-heading .elementor-heading-title.elementor-size-xxl{font-size:59px}<\/style><h1 class=\"elementor-heading-title elementor-size-default\"><b>TH\u00d4NG TIN B\u1ea2O H\u00c0NH CHUNG<\/b><br><\/h1>\t\t<\/div>\n\t\t\t\t<\/div>\n\t\t\t\t<\/div>\n\t\t\t\t\t<\/div>\n\t\t\t\t<\/div>\n\t\t<div class=\"elementor-element elementor-element-2f61965 e-flex e-con-boxed e-con e-parent\" data-id=\"2f61965\" data-element_type=\"container\">\n\t\t\t\t\t<div class=\"e-con-inner\">\n\t\t\t\t<div class=\"elementor-element elementor-element-6b520fd elementor-widget elementor-widget-image\" data-id=\"6b520fd\" data-element_type=\"widget\" data-widget_type=\"image.default\">\n\t\t\t\t<div class=\"elementor-widget-container\">\n\t\t\t<style>\/*! elementor - v3.22.0 - 17-06-2024 *\/\n.elementor-widget-image{text-align:center}.elementor-widget-image a{display:inline-block}.elementor-widget-image a img[src$=\".svg\"]{width:48px}.elementor-widget-image img{vertical-align:middle;display:inline-block}<\/style>\t\t\t\t\t\t\t\t\t\t<img fetchpriority=\"high\" decoding=\"async\" width=\"960\" height=\"540\" src=\"https:\/\/banquyenshop.com\/wp-content\/uploads\/2024\/06\/Cam-ket-bao-hanh-1024x576.png\" class=\"attachment-large size-large wp-image-3277\" alt=\"\" srcset=\"https:\/\/banquyenshop.com\/wp-content\/uploads\/2024\/06\/Cam-ket-bao-hanh-1024x576.png 1024w, https:\/\/banquyenshop.com\/wp-content\/uploads\/2024\/06\/Cam-ket-bao-hanh-300x169.png 300w, https:\/\/banquyenshop.com\/wp-content\/uploads\/2024\/06\/Cam-ket-bao-hanh-768x432.png 768w, https:\/\/banquyenshop.com\/wp-content\/uploads\/2024\/06\/Cam-ket-bao-hanh-1536x864.png 1536w, https:\/\/banquyenshop.com\/wp-content\/uploads\/2024\/06\/Cam-ket-bao-hanh-1320x743.png 1320w, https:\/\/banquyenshop.com\/wp-content\/uploads\/2024\/06\/Cam-ket-bao-hanh-600x338.png 600w, https:\/\/banquyenshop.com\/wp-content\/uploads\/2024\/06\/Cam-ket-bao-hanh-90x51.png 90w, https:\/\/banquyenshop.com\/wp-content\/uploads\/2024\/06\/Cam-ket-bao-hanh.png 1920w\" sizes=\"(max-width: 960px) 100vw, 960px\" \/>\t\t\t\t\t\t\t\t\t\t\t\t\t<\/div>\n\t\t\t\t<\/div>\n\t\t\t\t\t<\/div>\n\t\t\t\t<\/div>\n\t\t<div class=\"elementor-element elementor-element-73e0fde e-flex e-con-boxed e-con e-parent\" data-id=\"73e0fde\" data-element_type=\"container\">\n\t\t\t\t\t<div class=\"e-con-inner\">\n\t\t\t\t<div class=\"elementor-element elementor-element-87b053d elementor-widget elementor-widget-text-editor\" data-id=\"87b053d\" data-element_type=\"widget\" data-widget_type=\"text-editor.default\">\n\t\t\t\t<div class=\"elementor-widget-container\">\n\t\t\t<style>\/*! elementor - v3.22.0 - 17-06-2024 *\/\n.elementor-widget-text-editor.elementor-drop-cap-view-stacked .elementor-drop-cap{background-color:#69727d;color:#fff}.elementor-widget-text-editor.elementor-drop-cap-view-framed .elementor-drop-cap{color:#69727d;border:3px solid;background-color:transparent}.elementor-widget-text-editor:not(.elementor-drop-cap-view-default) .elementor-drop-cap{margin-top:8px}.elementor-widget-text-editor:not(.elementor-drop-cap-view-default) .elementor-drop-cap-letter{width:1em;height:1em}.elementor-widget-text-editor .elementor-drop-cap{float:left;text-align:center;line-height:1;font-size:50px}.elementor-widget-text-editor .elementor-drop-cap-letter{display:inline-block}<\/style>\t\t\t\t<blockquote><ul><li>Ch\u00ednh s\u00e1ch v\u00e0 th\u1eddi gian b\u1ea3o h\u00e0nh s\u1ea3n ph\u1ea9m s\u1ebd \u0111\u01b0\u1ee3c ghi trong th\u00f4ng tin chi ti\u1ebft c\u1ee7a s\u1ea3n ph\u1ea9m.<\/li><\/ul><ul><li>V\u1edbi c\u00e1c s\u1ea3n ph\u1ea9m kh\u00f4ng c\u00f3 th\u00f4ng tin chi ti\u1ebft, th\u1eddi gian b\u1ea3o h\u00e0nh m\u1eb7c \u0111\u1ecbnh l\u00e0 1 th\u00e1ng.<\/li><\/ul><\/blockquote>\t\t\t\t\t\t<\/div>\n\t\t\t\t<\/div>\n\t\t\t\t\t<\/div>\n\t\t\t\t<\/div>\n\t\t<div class=\"elementor-element elementor-element-8b69811 e-flex e-con-boxed e-con e-parent\" data-id=\"8b69811\" data-element_type=\"container\">\n\t\t\t\t\t<div class=\"e-con-inner\">\n\t\t\t\t<div class=\"elementor-element elementor-element-b514445 elementor-widget elementor-widget-bevesi-client-carousel\" data-id=\"b514445\" data-element_type=\"widget\" data-widget_type=\"bevesi-client-carousel.default\">\n\t\t\t\t<div class=\"elementor-widget-container\">\n\t\t\t<div class=\"site-slider-wrapper\"><div class=\"site-slider carousel-style loader-default arrows-style-rounded arrows-white products\" data-items=\"6\" data-itemslaptop=\"6\" data-itemstablet=\"4\" data-itemsmobile=\"4\" data-itemsmobilexs=\"2\" data-slidescroll=\"1\" data-speed=\"700\" data-arrows=\"false\" data-arrowslaptop=\"false\" data-arrowstablet=\"false\" data-arrowsmobile=\"false\" data-dots=\"false\" data-dotslaptop=\"false\" data-dotstablet=\"false\" data-dotsmobile=\"false\" data-infinite=\"false\" data-centermode=\"false\" data-autoplay=\"false\" data-autospeed=\"\"><div class=\"slider-item\"><div class=\"site-logo-item\"><a href=\"\" ><img decoding=\"async\" src=\"https:\/\/banquyenshop.com\/wp-content\/uploads\/2024\/06\/bqs-logo-black.svg\" alt=\"\"><\/a><\/div><!-- site-logo-item --><\/div><!-- slider-item --><div class=\"slider-item\"><div class=\"site-logo-item\"><a href=\"\" ><img decoding=\"async\" src=\"https:\/\/banquyenshop.com\/wp-content\/uploads\/2024\/06\/bqs-logo-black.svg\" alt=\"\"><\/a><\/div><!-- site-logo-item --><\/div><!-- slider-item --><div class=\"slider-item\"><div class=\"site-logo-item\"><a href=\"\" ><img decoding=\"async\" src=\"https:\/\/banquyenshop.com\/wp-content\/uploads\/2024\/06\/bqs-logo-black.svg\" alt=\"\"><\/a><\/div><!-- site-logo-item --><\/div><!-- slider-item --><div class=\"slider-item\"><div class=\"site-logo-item\"><a href=\"\" ><img decoding=\"async\" src=\"https:\/\/banquyenshop.com\/wp-content\/uploads\/2024\/06\/bqs-logo-black.svg\" alt=\"\"><\/a><\/div><!-- site-logo-item --><\/div><!-- slider-item --><div class=\"slider-item\"><div class=\"site-logo-item\"><a href=\"\" ><img decoding=\"async\" src=\"https:\/\/banquyenshop.com\/wp-content\/uploads\/2024\/06\/bqs-logo-black.svg\" alt=\"\"><\/a><\/div><!-- site-logo-item --><\/div><!-- slider-item --><div class=\"slider-item\"><div class=\"site-logo-item\"><a href=\"\" ><img decoding=\"async\" src=\"https:\/\/banquyenshop.com\/wp-content\/uploads\/2024\/06\/bqs-logo-black.svg\" alt=\"\"><\/a><\/div><!-- site-logo-item --><\/div><!-- slider-item --><div class=\"slider-item\"><div class=\"site-logo-item\"><a href=\"\" ><img decoding=\"async\" src=\"https:\/\/banquyenshop.com\/wp-content\/uploads\/2024\/06\/bqs-logo-black.svg\" alt=\"\"><\/a><\/div><!-- site-logo-item --><\/div><!-- slider-item --><div class=\"slider-item\"><div class=\"site-logo-item\"><a href=\"\" ><img decoding=\"async\" src=\"https:\/\/banquyenshop.com\/wp-content\/uploads\/2024\/06\/bqs-logo-black.svg\" alt=\"\"><\/a><\/div><!-- site-logo-item --><\/div><!-- slider-item --><div class=\"slider-item\"><div class=\"site-logo-item\"><a href=\"\" ><img decoding=\"async\" src=\"https:\/\/banquyenshop.com\/wp-content\/plugins\/bevesi-core\/elementor\/images\/logo-01.png\" alt=\"\"><\/a><\/div><!-- site-logo-item --><\/div><!-- slider-item --><div class=\"slider-item\"><div class=\"site-logo-item\"><a href=\"\" ><img decoding=\"async\" src=\"https:\/\/banquyenshop.com\/wp-content\/plugins\/bevesi-core\/elementor\/images\/logo-01.png\" alt=\"\"><\/a><\/div><!-- site-logo-item --><\/div><!-- slider-item --><div class=\"slider-item\"><div class=\"site-logo-item\"><a href=\"\" ><img decoding=\"async\" src=\"https:\/\/banquyenshop.com\/wp-content\/plugins\/bevesi-core\/elementor\/images\/logo-01.png\" alt=\"\"><\/a><\/div><!-- site-logo-item --><\/div><!-- slider-item --><div class=\"slider-item\"><div class=\"site-logo-item\"><a href=\"\" ><img decoding=\"async\" src=\"https:\/\/banquyenshop.com\/wp-content\/plugins\/bevesi-core\/elementor\/images\/logo-01.png\" alt=\"\"><\/a><\/div><!-- site-logo-item --><\/div><!-- slider-item --><div class=\"slider-item\"><div class=\"site-logo-item\"><a href=\"\" ><img decoding=\"async\" src=\"https:\/\/banquyenshop.com\/wp-content\/plugins\/bevesi-core\/elementor\/images\/logo-01.png\" alt=\"\"><\/a><\/div><!-- site-logo-item --><\/div><!-- slider-item --><div class=\"slider-item\"><div class=\"site-logo-item\"><a href=\"\" ><img decoding=\"async\" src=\"https:\/\/banquyenshop.com\/wp-content\/plugins\/bevesi-core\/elementor\/images\/logo-01.png\" alt=\"\"><\/a><\/div><!-- site-logo-item --><\/div><!-- slider-item --><div class=\"slider-item\"><div class=\"site-logo-item\"><a href=\"\" ><img decoding=\"async\" src=\"https:\/\/banquyenshop.com\/wp-content\/plugins\/bevesi-core\/elementor\/images\/logo-01.png\" alt=\"\"><\/a><\/div><!-- site-logo-item --><\/div><!-- slider-item --><\/div><!-- site-slider --><\/div><!-- site-slider-wrapper -->\t\t<\/div>\n\t\t\t\t<\/div>\n\t\t\t\t\t<\/div>\n\t\t\t\t<\/div>\n\t\t\t\t<\/div>\n\t\t","protected":false},"excerpt":{"rendered":"<p>TH\u00d4NG TIN B\u1ea2O H\u00c0NH CHUNG Ch\u00ednh s\u00e1ch v\u00e0 th\u1eddi gian b\u1ea3o h\u00e0nh s\u1ea3n ph\u1ea9m s\u1ebd \u0111\u01b0\u1ee3c ghi trong th\u00f4ng tin chi ti\u1ebft c\u1ee7a s\u1ea3n ph\u1ea9m. V\u1edbi c\u00e1c s\u1ea3n ph\u1ea9m kh\u00f4ng c\u00f3 th\u00f4ng tin chi ti\u1ebft, th\u1eddi gian b\u1ea3o h\u00e0nh m\u1eb7c \u0111\u1ecbnh l\u00e0 1 th\u00e1ng.<\/p>\n","protected":false},"author":4,"featured_media":0,"parent":0,"menu_order":0,"comment_status":"closed","ping_status":"closed","template":"","meta":{"footnotes":""},"jetpack_sharing_enabled":true,"_links":{"self":[{"href":"https:\/\/banquyenshop.com\/index.php?rest_route=\/wp\/v2\/pages\/2280"}],"collection":[{"href":"https:\/\/banquyenshop.com\/index.php?rest_route=\/wp\/v2\/pages"}],"about":[{"href":"https:\/\/banquyenshop.com\/index.php?rest_route=\/wp\/v2\/types\/page"}],"author":[{"embeddable":true,"href":"https:\/\/banquyenshop.com\/index.php?rest_route=\/wp\/v2\/users\/4"}],"replies":[{"embeddable":true,"href":"https:\/\/banquyenshop.com\/index.php?rest_route=%2Fwp%2Fv2%2Fcomments&post=2280"}],"version-history":[{"count":29,"href":"https:\/\/banquyenshop.com\/index.php?rest_route=\/wp\/v2\/pages\/2280\/revisions"}],"predecessor-version":[{"id":3305,"href":"https:\/\/banquyenshop.com\/index.php?rest_route=\/wp\/v2\/pages\/2280\/revisions\/3305"}],"wp:attachment":[{"href":"https:\/\/banquyenshop.com\/index.php?rest_route=%2Fwp%2Fv2%2Fmedia&parent=2280"}],"curies":[{"name":"wp","href":"https:\/\/api.w.org\/{rel}","templated":true}]}}