{"id":2162,"date":"2024-05-04T07:18:45","date_gmt":"2024-05-04T07:18:45","guid":{"rendered":"https:\/\/klbtheme.com\/bevesi\/?page_id=2162"},"modified":"2024-06-21T04:04:26","modified_gmt":"2024-06-21T04:04:26","slug":"about-us","status":"publish","type":"page","link":"https:\/\/banquyenshop.com\/?page_id=2162","title":{"rendered":"Gi\u1edbi thi\u1ec7u"},"content":{"rendered":"\t\t<div data-elementor-type=\"wp-page\" data-elementor-id=\"2162\" class=\"elementor elementor-2162\">\n\t\t\t\t<div class=\"elementor-element elementor-element-a07ad99 e-con-full e-flex e-con e-parent\" data-id=\"a07ad99\" data-element_type=\"container\">\n\t\t\t\t<div class=\"elementor-element elementor-element-82ea866 elementor-widget elementor-widget-bevesi-page-banner\" data-id=\"82ea866\" data-element_type=\"widget\" data-widget_type=\"bevesi-page-banner.default\">\n\t\t\t\t<div class=\"elementor-widget-container\">\n\t\t\t<div class=\"site-page-header style-2\"><div class=\"container\"><div class=\"site-page-header-inner\"><h1 class=\"page-title\">Gi\u1edbi thi\u1ec7u v\u1ec1 ch\u00fang t\u00f4i<\/h1><div class=\"entry-description\"><p>Chuy\u00ean ph\u00e2n ph\u1ed1i c\u00e1c ph\u1ea7n m\u1ec1m b\u1ea3n quy\u1ec1n ch\u00ednh h\u00e3ng t\u1ea1i Vi\u1ec7t Nam<\/p><\/div><!-- entry-description --><\/div><!-- site-page-header-inner --><\/div><!-- container --><div class=\"page-header-image\"><img decoding=\"async\" src=\"https:\/\/banquyenshop.com\/wp-content\/uploads\/2024\/06\/banner-gioi-thieu-5.png\"><\/div><!-- page-header-image --><\/div><!-- site-page-header -->\t\t<\/div>\n\t\t\t\t<\/div>\n\t\t\t\t<\/div>\n\t\t<div class=\"elementor-element elementor-element-8fe3cc7 e-flex e-con-boxed e-con e-parent\" data-id=\"8fe3cc7\" data-element_type=\"container\">\n\t\t\t\t\t<div class=\"e-con-inner\">\n\t\t\t\t<div class=\"elementor-element elementor-element-372f1e0 elementor-widget elementor-widget-image\" data-id=\"372f1e0\" data-element_type=\"widget\" data-widget_type=\"image.default\">\n\t\t\t\t<div class=\"elementor-widget-container\">\n\t\t\t<style>\/*! elementor - v3.22.0 - 17-06-2024 *\/\n.elementor-widget-image{text-align:center}.elementor-widget-image a{display:inline-block}.elementor-widget-image a img[src$=\".svg\"]{width:48px}.elementor-widget-image img{vertical-align:middle;display:inline-block}<\/style>\t\t\t\t\t\t\t\t\t\t<img fetchpriority=\"high\" decoding=\"async\" width=\"960\" height=\"356\" src=\"https:\/\/banquyenshop.com\/wp-content\/uploads\/2024\/06\/Bqshop_FBCover-1-1024x380.png\" class=\"attachment-large size-large wp-image-3326\" alt=\"\" srcset=\"https:\/\/banquyenshop.com\/wp-content\/uploads\/2024\/06\/Bqshop_FBCover-1-1024x380.png 1024w, https:\/\/banquyenshop.com\/wp-content\/uploads\/2024\/06\/Bqshop_FBCover-1-300x111.png 300w, https:\/\/banquyenshop.com\/wp-content\/uploads\/2024\/06\/Bqshop_FBCover-1-768x285.png 768w, https:\/\/banquyenshop.com\/wp-content\/uploads\/2024\/06\/Bqshop_FBCover-1-1536x570.png 1536w, https:\/\/banquyenshop.com\/wp-content\/uploads\/2024\/06\/Bqshop_FBCover-1-1320x490.png 1320w, https:\/\/banquyenshop.com\/wp-content\/uploads\/2024\/06\/Bqshop_FBCover-1-600x223.png 600w, https:\/\/banquyenshop.com\/wp-content\/uploads\/2024\/06\/Bqshop_FBCover-1-90x33.png 90w, https:\/\/banquyenshop.com\/wp-content\/uploads\/2024\/06\/Bqshop_FBCover-1.png 1920w\" sizes=\"(max-width: 960px) 100vw, 960px\" \/>\t\t\t\t\t\t\t\t\t\t\t\t\t<\/div>\n\t\t\t\t<\/div>\n\t\t\t\t<div class=\"elementor-element elementor-element-84a5bfd elementor-widget elementor-widget-text-editor\" data-id=\"84a5bfd\" data-element_type=\"widget\" data-widget_type=\"text-editor.default\">\n\t\t\t\t<div class=\"elementor-widget-container\">\n\t\t\t<style>\/*! elementor - v3.22.0 - 17-06-2024 *\/\n.elementor-widget-text-editor.elementor-drop-cap-view-stacked .elementor-drop-cap{background-color:#69727d;color:#fff}.elementor-widget-text-editor.elementor-drop-cap-view-framed .elementor-drop-cap{color:#69727d;border:3px solid;background-color:transparent}.elementor-widget-text-editor:not(.elementor-drop-cap-view-default) .elementor-drop-cap{margin-top:8px}.elementor-widget-text-editor:not(.elementor-drop-cap-view-default) .elementor-drop-cap-letter{width:1em;height:1em}.elementor-widget-text-editor .elementor-drop-cap{float:left;text-align:center;line-height:1;font-size:50px}.elementor-widget-text-editor .elementor-drop-cap-letter{display:inline-block}<\/style>\t\t\t\t<p>V\u1edbi m\u1ee5c ti\u00eau cung c\u1ea5p cho ng\u01b0\u1eddi d\u00f9ng v\u00e0 doanh nghi\u1ec7p nh\u1eefng s\u1ea3n ph\u1ea9m ph\u1ea7n m\u1ec1m ch\u1ea5t l\u01b0\u1ee3ng, B\u1ea3n Quy\u1ec1n shop t\u1eadp trung v\u00e0o vi\u1ec7c mang \u0111\u1ebfn nh\u1eefng gi\u1ea3i ph\u00e1p c\u00f4ng ngh\u1ec7 ti\u00ean ti\u1ebfn t\u1eeb c\u00e1c nh\u00e0 s\u1ea3n xu\u1ea5t ph\u1ea7n m\u1ec1m h\u00e0ng \u0111\u1ea7u th\u1ebf gi\u1edbi<\/p>\n<p><br><\/p>\t\t\t\t\t\t<\/div>\n\t\t\t\t<\/div>\n\t\t\t\t\t<\/div>\n\t\t\t\t<\/div>\n\t\t<div class=\"elementor-element elementor-element-8cd31fd e-flex e-con-boxed e-con e-parent\" data-id=\"8cd31fd\" data-element_type=\"container\">\n\t\t\t\t\t<div class=\"e-con-inner\">\n\t\t\t\t<div class=\"elementor-element elementor-element-d0ae02f elementor-widget elementor-widget-heading\" data-id=\"d0ae02f\" data-element_type=\"widget\" data-widget_type=\"heading.default\">\n\t\t\t\t<div class=\"elementor-widget-container\">\n\t\t\t<style>\/*! elementor - v3.22.0 - 17-06-2024 *\/\n.elementor-heading-title{padding:0;margin:0;line-height:1}.elementor-widget-heading .elementor-heading-title[class*=elementor-size-]>a{color:inherit;font-size:inherit;line-height:inherit}.elementor-widget-heading .elementor-heading-title.elementor-size-small{font-size:15px}.elementor-widget-heading .elementor-heading-title.elementor-size-medium{font-size:19px}.elementor-widget-heading .elementor-heading-title.elementor-size-large{font-size:29px}.elementor-widget-heading .elementor-heading-title.elementor-size-xl{font-size:39px}.elementor-widget-heading .elementor-heading-title.elementor-size-xxl{font-size:59px}<\/style><h5 class=\"elementor-heading-title elementor-size-default\"><b>S\u1ea2N PH\u1ea8M CH\u00cdNH H\u00c3NG<\/b><\/h5>\t\t<\/div>\n\t\t\t\t<\/div>\n\t\t\t\t\t<\/div>\n\t\t\t\t<\/div>\n\t\t<div class=\"elementor-element elementor-element-88963d1 e-flex e-con-boxed e-con e-parent\" data-id=\"88963d1\" data-element_type=\"container\">\n\t\t\t\t\t<div class=\"e-con-inner\">\n\t\t\t\t<div class=\"elementor-element elementor-element-18b5d8a elementor-widget elementor-widget-text-editor\" data-id=\"18b5d8a\" data-element_type=\"widget\" data-widget_type=\"text-editor.default\">\n\t\t\t\t<div class=\"elementor-widget-container\">\n\t\t\t\t\t\t\t<p>Bqshop cam k\u1ebft cung c\u1ea5p c\u00e1c s\u1ea3n ph\u1ea9m ph\u1ea7n m\u1ec1m b\u1ea3n quy\u1ec1n 100% ch\u00ednh h\u00e3ng, \u0111\u1ea3m b\u1ea3o an to\u00e0n v\u00e0 h\u1ee3p ph\u00e1p cho ng\u01b0\u1eddi d\u00f9ng<\/p>\t\t\t\t\t\t<\/div>\n\t\t\t\t<\/div>\n\t\t\t\t<div class=\"elementor-element elementor-element-3bd825b elementor-widget elementor-widget-heading\" data-id=\"3bd825b\" data-element_type=\"widget\" data-widget_type=\"heading.default\">\n\t\t\t\t<div class=\"elementor-widget-container\">\n\t\t\t<h5 class=\"elementor-heading-title elementor-size-default\"><b>\u0110A D\u1ea0NG S\u1ea2N PH\u1ea8M<\/b><\/h5>\t\t<\/div>\n\t\t\t\t<\/div>\n\t\t\t\t<div class=\"elementor-element elementor-element-a60be02 elementor-widget elementor-widget-text-editor\" data-id=\"a60be02\" data-element_type=\"widget\" data-widget_type=\"text-editor.default\">\n\t\t\t\t<div class=\"elementor-widget-container\">\n\t\t\t\t\t\t\t<p>Danh m\u1ee5c s\u1ea3n ph\u1ea9m c\u1ee7a Bqshop r\u1ea5t phong ph\u00fa, bao g\u1ed3m c\u00e1c ph\u1ea7n m\u1ec1m di\u1ec7t virus, h\u1ec7 \u0111i\u1ec1u h\u00e0nh, ph\u1ea7n m\u1ec1m v\u0103n ph\u00f2ng, ph\u1ea7n m\u1ec1m \u0111\u1ed3 h\u1ecda v\u00e0 thi\u1ebft k\u1ebf, ph\u1ea7n m\u1ec1m qu\u1ea3n l\u00fd doanh nghi\u1ec7p, v\u00e0 nhi\u1ec1u lo\u1ea1i ph\u1ea7n m\u1ec1m kh\u00e1c<\/p>\t\t\t\t\t\t<\/div>\n\t\t\t\t<\/div>\n\t\t\t\t<div class=\"elementor-element elementor-element-b84aceb elementor-widget elementor-widget-heading\" data-id=\"b84aceb\" data-element_type=\"widget\" data-widget_type=\"heading.default\">\n\t\t\t\t<div class=\"elementor-widget-container\">\n\t\t\t<h5 class=\"elementor-heading-title elementor-size-default\"><b>GI\u00c1 C\u1ea2 C\u1ea0NH TRANH<\/b><\/h5>\t\t<\/div>\n\t\t\t\t<\/div>\n\t\t\t\t<div class=\"elementor-element elementor-element-79283f8 elementor-widget elementor-widget-text-editor\" data-id=\"79283f8\" data-element_type=\"widget\" data-widget_type=\"text-editor.default\">\n\t\t\t\t<div class=\"elementor-widget-container\">\n\t\t\t\t\t\t\t<p>Bqshop lu\u00f4n n\u1ed7 l\u1ef1c \u0111\u1ec3 \u0111\u01b0a ra m\u1ee9c gi\u00e1 c\u1ea1nh tranh v\u00e0 h\u1ee3p l\u00fd nh\u1ea5t cho kh\u00e1ch h\u00e0ng, c\u00f9ng v\u1edbi c\u00e1c ch\u01b0\u01a1ng tr\u00ecnh khuy\u1ebfn m\u00e3i h\u1ea5p d\u1eabn<\/p>\t\t\t\t\t\t<\/div>\n\t\t\t\t<\/div>\n\t\t\t\t<div class=\"elementor-element elementor-element-dfedc63 elementor-widget elementor-widget-heading\" data-id=\"dfedc63\" data-element_type=\"widget\" data-widget_type=\"heading.default\">\n\t\t\t\t<div class=\"elementor-widget-container\">\n\t\t\t<h5 class=\"elementor-heading-title elementor-size-default\"><b>H\u1ed6 TR\u1ee2 KH\u00c1CH H\u00c0NG<\/b><\/h5>\t\t<\/div>\n\t\t\t\t<\/div>\n\t\t\t\t<div class=\"elementor-element elementor-element-2101210 elementor-widget elementor-widget-text-editor\" data-id=\"2101210\" data-element_type=\"widget\" data-widget_type=\"text-editor.default\">\n\t\t\t\t<div class=\"elementor-widget-container\">\n\t\t\t\t\t\t\t<p>\u0110\u1ed9i ng\u0169 nh\u00e2n vi\u00ean h\u1ed7 tr\u1ee3 c\u1ee7a Bqshop lu\u00f4n s\u1eb5n s\u00e0ng gi\u1ea3i \u0111\u00e1p m\u1ecdi th\u1eafc m\u1eafc v\u00e0 cung c\u1ea5p d\u1ecbch v\u1ee5 sau b\u00e1n h\u00e0ng ch\u1ea5t l\u01b0\u1ee3ng, gi\u00fap kh\u00e1ch h\u00e0ng y\u00ean t\u00e2m trong su\u1ed1t qu\u00e1 tr\u00ecnh s\u1eed d\u1ee5ng ph\u1ea7n m\u1ec1m<\/p>\t\t\t\t\t\t<\/div>\n\t\t\t\t<\/div>\n\t\t<div class=\"elementor-element elementor-element-111441a e-con-full e-flex e-con e-child\" data-id=\"111441a\" data-element_type=\"container\">\n\t\t\t\t<\/div>\n\t\t\t\t\t<\/div>\n\t\t\t\t<\/div>\n\t\t<div class=\"elementor-element elementor-element-28bade4 e-flex e-con-boxed e-con e-parent\" data-id=\"28bade4\" data-element_type=\"container\">\n\t\t\t\t\t<div class=\"e-con-inner\">\n\t\t\t\t\t<\/div>\n\t\t\t\t<\/div>\n\t\t<div class=\"elementor-element elementor-element-0d6848c e-flex e-con-boxed e-con e-parent\" data-id=\"0d6848c\" data-element_type=\"container\">\n\t\t\t\t\t<div class=\"e-con-inner\">\n\t\t\t\t\t<\/div>\n\t\t\t\t<\/div>\n\t\t\t\t<\/div>\n\t\t","protected":false},"excerpt":{"rendered":"<p>Gi\u1edbi thi\u1ec7u v\u1ec1 ch\u00fang t\u00f4i Chuy\u00ean ph\u00e2n ph\u1ed1i c\u00e1c ph\u1ea7n m\u1ec1m b\u1ea3n quy\u1ec1n ch\u00ednh h\u00e3ng t\u1ea1i Vi\u1ec7t Nam V\u1edbi m\u1ee5c ti\u00eau cung c\u1ea5p cho ng\u01b0\u1eddi d\u00f9ng v\u00e0 doanh nghi\u1ec7p nh\u1eefng s\u1ea3n ph\u1ea9m ph\u1ea7n m\u1ec1m ch\u1ea5t l\u01b0\u1ee3ng, B\u1ea3n Quy\u1ec1n shop t\u1eadp trung v\u00e0o vi\u1ec7c mang \u0111\u1ebfn nh\u1eefng gi\u1ea3i ph\u00e1p c\u00f4ng ngh\u1ec7 ti\u00ean ti\u1ebfn t\u1eeb c\u00e1c nh\u00e0<\/p>\n<div class=\"klb-readmore post-buttons\"><a class=\"button black outline rounded-style size-sm\" href=\"https:\/\/banquyenshop.com\/?page_id=2162\">Xem ti\u1ebfp <i class=\"klbth-icon-right-arrow\"><\/i><\/a><\/div>\n","protected":false},"author":4,"featured_media":0,"parent":0,"menu_order":0,"comment_status":"closed","ping_status":"closed","template":"","meta":{"footnotes":""},"jetpack_sharing_enabled":true,"_links":{"self":[{"href":"https:\/\/banquyenshop.com\/index.php?rest_route=\/wp\/v2\/pages\/2162"}],"collection":[{"href":"https:\/\/banquyenshop.com\/index.php?rest_route=\/wp\/v2\/pages"}],"about":[{"href":"https:\/\/banquyenshop.com\/index.php?rest_route=\/wp\/v2\/types\/page"}],"author":[{"embeddable":true,"href":"https:\/\/banquyenshop.com\/index.php?rest_route=\/wp\/v2\/users\/4"}],"replies":[{"embeddable":true,"href":"https:\/\/banquyenshop.com\/index.php?rest_route=%2Fwp%2Fv2%2Fcomments&post=2162"}],"version-history":[{"count":16,"href":"https:\/\/banquyenshop.com\/index.php?rest_route=\/wp\/v2\/pages\/2162\/revisions"}],"predecessor-version":[{"id":3409,"href":"https:\/\/banquyenshop.com\/index.php?rest_route=\/wp\/v2\/pages\/2162\/revisions\/3409"}],"wp:attachment":[{"href":"https:\/\/banquyenshop.com\/index.php?rest_route=%2Fwp%2Fv2%2Fmedia&parent=2162"}],"curies":[{"name":"wp","href":"https:\/\/api.w.org\/{rel}","templated":true}]}}